{"id":892,"date":"2017-02-20T09:26:14","date_gmt":"2017-02-20T08:26:14","guid":{"rendered":"http:\/\/www.lamaisondelasouque.fr\/index.php\/disponibilites\/"},"modified":"2019-11-17T12:39:02","modified_gmt":"2019-11-17T11:39:02","slug":"reservations2","status":"publish","type":"page","link":"https:\/\/www.lamaisondelasouque.fr\/index.php\/reservations2\/","title":{"rendered":"R\u00e9servations"},"content":{"rendered":"<p>Pour conna\u00eetre la disponibilit\u00e9 des ateliers de cuisine ou des chambres, vous pourriez remplir ce formulaire. Ou bien, vous pouvez contacter la Maison de la Souque par mail (<a href=\"mailto:info@lamaisondelasouque.fr\">info@lamaisondelasouque.fr<\/a>) ou par t\u00e9l\u00e9phone +33(0)6 31379049 pour plus de renseignements et ensuite faire la r\u00e9servation.<\/p>\n\n<div class=\"wpcf7 no-js\" id=\"wpcf7-f1758-o1\" lang=\"fr-FR\" dir=\"ltr\" data-wpcf7-id=\"1758\">\n<div class=\"screen-reader-response\"><p role=\"status\" aria-live=\"polite\" aria-atomic=\"true\"><\/p> <ul><\/ul><\/div>\n<form action=\"\/index.php\/wp-json\/wp\/v2\/pages\/892#wpcf7-f1758-o1\" method=\"post\" class=\"wpcf7-form init\" aria-label=\"Contact form\" novalidate=\"novalidate\" data-status=\"init\">\n<fieldset class=\"hidden-fields-container\"><input type=\"hidden\" name=\"_wpcf7\" value=\"1758\" \/><input type=\"hidden\" name=\"_wpcf7_version\" value=\"6.1.5\" \/><input type=\"hidden\" name=\"_wpcf7_locale\" value=\"fr_FR\" \/><input type=\"hidden\" name=\"_wpcf7_unit_tag\" value=\"wpcf7-f1758-o1\" \/><input type=\"hidden\" name=\"_wpcf7_container_post\" value=\"0\" \/><input type=\"hidden\" name=\"_wpcf7_posted_data_hash\" value=\"\" \/>\n<\/fieldset>\n<p><label> Votre nom<br \/>\n<span class=\"wpcf7-form-control-wrap\" data-name=\"your-name\"><input size=\"40\" maxlength=\"400\" class=\"wpcf7-form-control wpcf7-text wpcf7-validates-as-required\" aria-required=\"true\" aria-invalid=\"false\" value=\"\" type=\"text\" name=\"your-name\" \/><\/span> <\/label>\n<\/p>\n<p><label> Votre mail<br \/>\n<span class=\"wpcf7-form-control-wrap\" data-name=\"your-email\"><input size=\"40\" maxlength=\"400\" class=\"wpcf7-form-control wpcf7-email wpcf7-validates-as-required wpcf7-text wpcf7-validates-as-email\" aria-required=\"true\" aria-invalid=\"false\" value=\"\" type=\"email\" name=\"your-email\" \/><\/span> <\/label>\n<\/p>\n<p><label> Sujet<br \/>\n<span class=\"wpcf7-form-control-wrap\" data-name=\"your-subject\"><input size=\"40\" maxlength=\"400\" class=\"wpcf7-form-control wpcf7-text\" aria-invalid=\"false\" value=\"\" type=\"text\" name=\"your-subject\" \/><\/span> <\/label>\n<\/p>\n<p><label> Votre Message<br \/>\n<span class=\"wpcf7-form-control-wrap\" data-name=\"your-message\"><textarea cols=\"40\" rows=\"10\" maxlength=\"2000\" class=\"wpcf7-form-control wpcf7-textarea\" aria-invalid=\"false\" name=\"your-message\"><\/textarea><\/span> <\/label>\n<\/p>\n<p><input class=\"wpcf7-form-control wpcf7-submit has-spinner\" type=\"submit\" value=\"Envoyez\" \/>\n<\/p><div class=\"wpcf7-response-output\" aria-hidden=\"true\"><\/div>\n<\/form>\n<\/div>\n\n\n\n<p><\/p>\n","protected":false},"excerpt":{"rendered":"<p>Pour conna\u00eetre la disponibilit\u00e9 des ateliers de cuisine ou des chambres, vous pourriez remplir ce formulaire. Ou bien, vous pouvez contacter la Maison de la Souque par mail (info@lamaisondelasouque.fr) ou par t\u00e9l\u00e9phone +33(0)6 31379049 pour plus de renseignements et ensuite faire la r\u00e9servation.<\/p>\n","protected":false},"author":1,"featured_media":0,"parent":0,"menu_order":0,"comment_status":"closed","ping_status":"closed","template":"","meta":{"_lmt_disableupdate":"","_lmt_disable":"","_monsterinsights_skip_tracking":false,"_monsterinsights_sitenote_active":false,"_monsterinsights_sitenote_note":"","_monsterinsights_sitenote_category":0,"_uf_show_specific_survey":0,"_uf_disable_surveys":false,"footnotes":""},"class_list":["post-892","page","type-page","status-publish","hentry"],"yoast_head":"<!-- This site is optimized with the Yoast SEO Premium plugin v27.2 (Yoast SEO v27.2) - https:\/\/yoast.com\/product\/yoast-seo-premium-wordpress\/ -->\n<title>R\u00e9servations - La Maison de la Souque<\/title>\n<meta name=\"robots\" content=\"index, follow, max-snippet:-1, max-image-preview:large, max-video-preview:-1\" \/>\n<link rel=\"canonical\" href=\"https:\/\/www.lamaisondelasouque.fr\/index.php\/reservations2\/\" \/>\n<meta property=\"og:locale\" content=\"fr_FR\" \/>\n<meta property=\"og:type\" content=\"article\" \/>\n<meta property=\"og:title\" content=\"R\u00e9servations\" \/>\n<meta property=\"og:description\" content=\"Pour conna\u00eetre la disponibilit\u00e9 des ateliers de cuisine ou des chambres, vous pourriez remplir ce formulaire. Ou bien, vous pouvez contacter la Maison de la Souque par mail (info@lamaisondelasouque.fr) ou par t\u00e9l\u00e9phone +33(0)6 31379049 pour plus de renseignements et ensuite faire la r\u00e9servation.\" \/>\n<meta property=\"og:url\" content=\"https:\/\/www.lamaisondelasouque.fr\/index.php\/reservations2\/\" \/>\n<meta property=\"og:site_name\" content=\"La Maison de la Souque\" \/>\n<meta property=\"article:publisher\" content=\"https:\/\/www.facebook.com\/lamaisondelasouque\" \/>\n<meta property=\"article:modified_time\" content=\"2019-11-17T11:39:02+00:00\" \/>\n<meta name=\"twitter:card\" content=\"summary_large_image\" \/>\n<script type=\"application\/ld+json\" class=\"yoast-schema-graph\">{\"@context\":\"https:\/\/schema.org\",\"@graph\":[{\"@type\":\"WebPage\",\"@id\":\"https:\/\/www.lamaisondelasouque.fr\/index.php\/reservations2\/\",\"url\":\"https:\/\/www.lamaisondelasouque.fr\/index.php\/reservations2\/\",\"name\":\"R\u00e9servations - La Maison de la Souque\",\"isPartOf\":{\"@id\":\"https:\/\/www.lamaisondelasouque.fr\/#website\"},\"datePublished\":\"2017-02-20T08:26:14+00:00\",\"dateModified\":\"2019-11-17T11:39:02+00:00\",\"breadcrumb\":{\"@id\":\"https:\/\/www.lamaisondelasouque.fr\/index.php\/reservations2\/#breadcrumb\"},\"inLanguage\":\"fr-FR\",\"potentialAction\":[{\"@type\":\"ReadAction\",\"target\":[\"https:\/\/www.lamaisondelasouque.fr\/index.php\/reservations2\/\"]}]},{\"@type\":\"BreadcrumbList\",\"@id\":\"https:\/\/www.lamaisondelasouque.fr\/index.php\/reservations2\/#breadcrumb\",\"itemListElement\":[{\"@type\":\"ListItem\",\"position\":1,\"name\":\"Home\",\"item\":\"https:\/\/www.lamaisondelasouque.fr\/\"},{\"@type\":\"ListItem\",\"position\":2,\"name\":\"R\u00e9servations\"}]},{\"@type\":\"WebSite\",\"@id\":\"https:\/\/www.lamaisondelasouque.fr\/#website\",\"url\":\"https:\/\/www.lamaisondelasouque.fr\/\",\"name\":\"La Maison de la Souque\",\"description\":\"Maison et table d&#039;h\u00f4tes\",\"publisher\":{\"@id\":\"https:\/\/www.lamaisondelasouque.fr\/#organization\"},\"alternateName\":\"Franse les in Frankrijk\",\"potentialAction\":[{\"@type\":\"SearchAction\",\"target\":{\"@type\":\"EntryPoint\",\"urlTemplate\":\"https:\/\/www.lamaisondelasouque.fr\/?s={search_term_string}\"},\"query-input\":{\"@type\":\"PropertyValueSpecification\",\"valueRequired\":true,\"valueName\":\"search_term_string\"}}],\"inLanguage\":\"fr-FR\"},{\"@type\":\"Organization\",\"@id\":\"https:\/\/www.lamaisondelasouque.fr\/#organization\",\"name\":\"La Maison de la Souque\",\"alternateName\":\"Marianne Rosenberg\",\"url\":\"https:\/\/www.lamaisondelasouque.fr\/\",\"logo\":{\"@type\":\"ImageObject\",\"inLanguage\":\"fr-FR\",\"@id\":\"https:\/\/www.lamaisondelasouque.fr\/#\/schema\/logo\/image\/\",\"url\":\"https:\/\/www.lamaisondelasouque.fr\/wp-content\/uploads\/2017\/10\/maison-drone-aout2017-1024x677.jpg\",\"contentUrl\":\"https:\/\/www.lamaisondelasouque.fr\/wp-content\/uploads\/2017\/10\/maison-drone-aout2017-1024x677.jpg\",\"width\":1024,\"height\":677,\"caption\":\"La Maison de la Souque\"},\"image\":{\"@id\":\"https:\/\/www.lamaisondelasouque.fr\/#\/schema\/logo\/image\/\"},\"sameAs\":[\"https:\/\/www.facebook.com\/lamaisondelasouque\",\"https:\/\/www.instagram.com\/marianne_rosenberg\"]}]}<\/script>\n<!-- \/ Yoast SEO Premium plugin. -->","yoast_head_json":{"title":"R\u00e9servations - La Maison de la Souque","robots":{"index":"index","follow":"follow","max-snippet":"max-snippet:-1","max-image-preview":"max-image-preview:large","max-video-preview":"max-video-preview:-1"},"canonical":"https:\/\/www.lamaisondelasouque.fr\/index.php\/reservations2\/","og_locale":"fr_FR","og_type":"article","og_title":"R\u00e9servations","og_description":"Pour conna\u00eetre la disponibilit\u00e9 des ateliers de cuisine ou des chambres, vous pourriez remplir ce formulaire. Ou bien, vous pouvez contacter la Maison de la Souque par mail (info@lamaisondelasouque.fr) ou par t\u00e9l\u00e9phone +33(0)6 31379049 pour plus de renseignements et ensuite faire la r\u00e9servation.","og_url":"https:\/\/www.lamaisondelasouque.fr\/index.php\/reservations2\/","og_site_name":"La Maison de la Souque","article_publisher":"https:\/\/www.facebook.com\/lamaisondelasouque","article_modified_time":"2019-11-17T11:39:02+00:00","twitter_card":"summary_large_image","schema":{"@context":"https:\/\/schema.org","@graph":[{"@type":"WebPage","@id":"https:\/\/www.lamaisondelasouque.fr\/index.php\/reservations2\/","url":"https:\/\/www.lamaisondelasouque.fr\/index.php\/reservations2\/","name":"R\u00e9servations - La Maison de la Souque","isPartOf":{"@id":"https:\/\/www.lamaisondelasouque.fr\/#website"},"datePublished":"2017-02-20T08:26:14+00:00","dateModified":"2019-11-17T11:39:02+00:00","breadcrumb":{"@id":"https:\/\/www.lamaisondelasouque.fr\/index.php\/reservations2\/#breadcrumb"},"inLanguage":"fr-FR","potentialAction":[{"@type":"ReadAction","target":["https:\/\/www.lamaisondelasouque.fr\/index.php\/reservations2\/"]}]},{"@type":"BreadcrumbList","@id":"https:\/\/www.lamaisondelasouque.fr\/index.php\/reservations2\/#breadcrumb","itemListElement":[{"@type":"ListItem","position":1,"name":"Home","item":"https:\/\/www.lamaisondelasouque.fr\/"},{"@type":"ListItem","position":2,"name":"R\u00e9servations"}]},{"@type":"WebSite","@id":"https:\/\/www.lamaisondelasouque.fr\/#website","url":"https:\/\/www.lamaisondelasouque.fr\/","name":"La Maison de la Souque","description":"Maison et table d&#039;h\u00f4tes","publisher":{"@id":"https:\/\/www.lamaisondelasouque.fr\/#organization"},"alternateName":"Franse les in Frankrijk","potentialAction":[{"@type":"SearchAction","target":{"@type":"EntryPoint","urlTemplate":"https:\/\/www.lamaisondelasouque.fr\/?s={search_term_string}"},"query-input":{"@type":"PropertyValueSpecification","valueRequired":true,"valueName":"search_term_string"}}],"inLanguage":"fr-FR"},{"@type":"Organization","@id":"https:\/\/www.lamaisondelasouque.fr\/#organization","name":"La Maison de la Souque","alternateName":"Marianne Rosenberg","url":"https:\/\/www.lamaisondelasouque.fr\/","logo":{"@type":"ImageObject","inLanguage":"fr-FR","@id":"https:\/\/www.lamaisondelasouque.fr\/#\/schema\/logo\/image\/","url":"https:\/\/www.lamaisondelasouque.fr\/wp-content\/uploads\/2017\/10\/maison-drone-aout2017-1024x677.jpg","contentUrl":"https:\/\/www.lamaisondelasouque.fr\/wp-content\/uploads\/2017\/10\/maison-drone-aout2017-1024x677.jpg","width":1024,"height":677,"caption":"La Maison de la Souque"},"image":{"@id":"https:\/\/www.lamaisondelasouque.fr\/#\/schema\/logo\/image\/"},"sameAs":["https:\/\/www.facebook.com\/lamaisondelasouque","https:\/\/www.instagram.com\/marianne_rosenberg"]}]}},"_links":{"self":[{"href":"https:\/\/www.lamaisondelasouque.fr\/index.php\/wp-json\/wp\/v2\/pages\/892","targetHints":{"allow":["GET"]}}],"collection":[{"href":"https:\/\/www.lamaisondelasouque.fr\/index.php\/wp-json\/wp\/v2\/pages"}],"about":[{"href":"https:\/\/www.lamaisondelasouque.fr\/index.php\/wp-json\/wp\/v2\/types\/page"}],"author":[{"embeddable":true,"href":"https:\/\/www.lamaisondelasouque.fr\/index.php\/wp-json\/wp\/v2\/users\/1"}],"replies":[{"embeddable":true,"href":"https:\/\/www.lamaisondelasouque.fr\/index.php\/wp-json\/wp\/v2\/comments?post=892"}],"version-history":[{"count":5,"href":"https:\/\/www.lamaisondelasouque.fr\/index.php\/wp-json\/wp\/v2\/pages\/892\/revisions"}],"predecessor-version":[{"id":2385,"href":"https:\/\/www.lamaisondelasouque.fr\/index.php\/wp-json\/wp\/v2\/pages\/892\/revisions\/2385"}],"wp:attachment":[{"href":"https:\/\/www.lamaisondelasouque.fr\/index.php\/wp-json\/wp\/v2\/media?parent=892"}],"curies":[{"name":"wp","href":"https:\/\/api.w.org\/{rel}","templated":true}]}}