{"id":2639,"date":"2023-01-24T13:24:05","date_gmt":"2023-01-24T12:24:05","guid":{"rendered":"https:\/\/www.lamaisondelasouque.fr\/?page_id=2639"},"modified":"2023-01-26T22:21:53","modified_gmt":"2023-01-26T21:21:53","slug":"acces-et-contact","status":"publish","type":"page","link":"https:\/\/www.lamaisondelasouque.fr\/index.php\/acces-et-contact\/","title":{"rendered":"Acc\u00e8s et contact"},"content":{"rendered":"\t\t<div data-elementor-type=\"wp-page\" data-elementor-id=\"2639\" class=\"elementor elementor-2639\">\n\t\t\t\t\t\t<section class=\"elementor-section elementor-top-section elementor-element elementor-element-678f025 elementor-section-boxed elementor-section-height-default elementor-section-height-default\" data-id=\"678f025\" data-element_type=\"section\" data-e-type=\"section\">\n\t\t\t\t\t\t<div class=\"elementor-container elementor-column-gap-default\">\n\t\t\t\t\t<div class=\"elementor-column elementor-col-100 elementor-top-column elementor-element elementor-element-f0454dd\" data-id=\"f0454dd\" data-element_type=\"column\" data-e-type=\"column\">\n\t\t\t<div class=\"elementor-widget-wrap elementor-element-populated\">\n\t\t\t\t\t\t<div class=\"elementor-element elementor-element-a2d30cd elementor-widget elementor-widget-text-editor\" data-id=\"a2d30cd\" data-element_type=\"widget\" data-e-type=\"widget\" data-widget_type=\"text-editor.default\">\n\t\t\t\t<div class=\"elementor-widget-container\">\n\t\t\t\t\t\t\t\t\t<p>Pour arriver \u00e0 la Maison de la Souque: La maison est situ\u00e9e \u00e0 un peu plus d&#8217;un kilom\u00e8tre du centre de Mirandol-Bourgnounac. L&#8217;acc\u00e8s est par la petite route, au d\u00e9but du village, en venant de Carmaux, Albi et le S\u00e9gur.<\/p>\t\t\t\t\t\t\t\t<\/div>\n\t\t\t\t<\/div>\n\t\t\t\t\t<\/div>\n\t\t<\/div>\n\t\t\t\t\t<\/div>\n\t\t<\/section>\n\t\t\t\t<section class=\"elementor-section elementor-top-section elementor-element elementor-element-307d7fa elementor-section-boxed elementor-section-height-default elementor-section-height-default\" data-id=\"307d7fa\" data-element_type=\"section\" data-e-type=\"section\">\n\t\t\t\t\t\t<div class=\"elementor-container elementor-column-gap-default\">\n\t\t\t\t\t<div class=\"elementor-column elementor-col-100 elementor-top-column elementor-element elementor-element-ca66f37\" data-id=\"ca66f37\" data-element_type=\"column\" data-e-type=\"column\">\n\t\t\t<div class=\"elementor-widget-wrap elementor-element-populated\">\n\t\t\t\t\t\t<div class=\"elementor-element elementor-element-1791e8a elementor-widget elementor-widget-heading\" data-id=\"1791e8a\" data-element_type=\"widget\" data-e-type=\"widget\" data-widget_type=\"heading.default\">\n\t\t\t\t<div class=\"elementor-widget-container\">\n\t\t\t\t\t<h2 class=\"elementor-heading-title elementor-size-medium\">Arriver \u00e0 la Maison de la Souque en voiture<\/h2>\t\t\t\t<\/div>\n\t\t\t\t<\/div>\n\t\t\t\t\t<\/div>\n\t\t<\/div>\n\t\t\t\t\t<\/div>\n\t\t<\/section>\n\t\t\t\t<section class=\"elementor-section elementor-top-section elementor-element elementor-element-4398649 elementor-section-boxed elementor-section-height-default elementor-section-height-default\" data-id=\"4398649\" data-element_type=\"section\" data-e-type=\"section\">\n\t\t\t\t\t\t<div class=\"elementor-container elementor-column-gap-default\">\n\t\t\t\t\t<div class=\"elementor-column elementor-col-100 elementor-top-column elementor-element elementor-element-5b0b5a0\" data-id=\"5b0b5a0\" data-element_type=\"column\" data-e-type=\"column\">\n\t\t\t<div class=\"elementor-widget-wrap elementor-element-populated\">\n\t\t\t\t\t\t<div class=\"elementor-element elementor-element-de532f9 elementor-widget elementor-widget-text-editor\" data-id=\"de532f9\" data-element_type=\"widget\" data-e-type=\"widget\" data-widget_type=\"text-editor.default\">\n\t\t\t\t<div class=\"elementor-widget-container\">\n\t\t\t\t\t\t\t\t\t<p>Quand vous arrivez en voiture, il suffit d&#8217;indiquer La Maison de la Souque dans votre GPS et vous arriverez \u00e0 La Maison de la Souque. Vous pouvez aussi entrer les valeurs de la position 44.161.451, 2.140.426. Pour votre information, la maison se trouve \u00e0 35 minutes d&#8217;Albi, 25 minutes de Cordes sur Ciel ou 20 minutes de Najac.<\/p>\t\t\t\t\t\t\t\t<\/div>\n\t\t\t\t<\/div>\n\t\t\t\t\t<\/div>\n\t\t<\/div>\n\t\t\t\t\t<\/div>\n\t\t<\/section>\n\t\t\t\t<section class=\"elementor-section elementor-top-section elementor-element elementor-element-b2e62d9 elementor-section-boxed elementor-section-height-default elementor-section-height-default\" data-id=\"b2e62d9\" data-element_type=\"section\" data-e-type=\"section\">\n\t\t\t\t\t\t<div class=\"elementor-container elementor-column-gap-default\">\n\t\t\t\t\t<div class=\"elementor-column elementor-col-100 elementor-top-column elementor-element elementor-element-8816a18\" data-id=\"8816a18\" data-element_type=\"column\" data-e-type=\"column\">\n\t\t\t<div class=\"elementor-widget-wrap elementor-element-populated\">\n\t\t\t\t\t\t<div class=\"elementor-element elementor-element-a013925 elementor-widget elementor-widget-heading\" data-id=\"a013925\" data-element_type=\"widget\" data-e-type=\"widget\" data-widget_type=\"heading.default\">\n\t\t\t\t<div class=\"elementor-widget-container\">\n\t\t\t\t\t<h2 class=\"elementor-heading-title elementor-size-medium\">Par train<\/h2>\t\t\t\t<\/div>\n\t\t\t\t<\/div>\n\t\t\t\t\t<\/div>\n\t\t<\/div>\n\t\t\t\t\t<\/div>\n\t\t<\/section>\n\t\t\t\t<section class=\"elementor-section elementor-top-section elementor-element elementor-element-94e260f elementor-section-boxed elementor-section-height-default elementor-section-height-default\" data-id=\"94e260f\" data-element_type=\"section\" data-e-type=\"section\">\n\t\t\t\t\t\t<div class=\"elementor-container elementor-column-gap-default\">\n\t\t\t\t\t<div class=\"elementor-column elementor-col-100 elementor-top-column elementor-element elementor-element-4de36dd\" data-id=\"4de36dd\" data-element_type=\"column\" data-e-type=\"column\">\n\t\t\t<div class=\"elementor-widget-wrap elementor-element-populated\">\n\t\t\t\t\t\t<div class=\"elementor-element elementor-element-e1dc239 elementor-widget elementor-widget-text-editor\" data-id=\"e1dc239\" data-element_type=\"widget\" data-e-type=\"widget\" data-widget_type=\"text-editor.default\">\n\t\t\t\t<div class=\"elementor-widget-container\">\n\t\t\t\t\t\t\t\t\t<p>La gare la plus proche se trouve \u00e0 Carmaux, \u00e0 une dizaine de minutes de la maison. Nous vous proposons de nous chercher \u00e0 la gare. Merci de nous l&#8217;indiquer \u00e0 l&#8217;avance. Pour les horaires de train, vous pouvez regarder sur le site de la\u00a0<a href=\"http:\/\/www.sncf.fr\">SNCF<\/a> .\u00a0<\/p>\t\t\t\t\t\t\t\t<\/div>\n\t\t\t\t<\/div>\n\t\t\t\t\t<\/div>\n\t\t<\/div>\n\t\t\t\t\t<\/div>\n\t\t<\/section>\n\t\t\t\t<section class=\"elementor-section elementor-top-section elementor-element elementor-element-d894843 elementor-section-boxed elementor-section-height-default elementor-section-height-default\" data-id=\"d894843\" data-element_type=\"section\" data-e-type=\"section\">\n\t\t\t\t\t\t<div class=\"elementor-container elementor-column-gap-default\">\n\t\t\t\t\t<div class=\"elementor-column elementor-col-100 elementor-top-column elementor-element elementor-element-08b164d\" data-id=\"08b164d\" data-element_type=\"column\" data-e-type=\"column\">\n\t\t\t<div class=\"elementor-widget-wrap elementor-element-populated\">\n\t\t\t\t\t\t<div class=\"elementor-element elementor-element-768ed88 elementor-widget elementor-widget-heading\" data-id=\"768ed88\" data-element_type=\"widget\" data-e-type=\"widget\" data-widget_type=\"heading.default\">\n\t\t\t\t<div class=\"elementor-widget-container\">\n\t\t\t\t\t<h2 class=\"elementor-heading-title elementor-size-medium\">En avion<\/h2>\t\t\t\t<\/div>\n\t\t\t\t<\/div>\n\t\t\t\t\t<\/div>\n\t\t<\/div>\n\t\t\t\t\t<\/div>\n\t\t<\/section>\n\t\t\t\t<section class=\"elementor-section elementor-top-section elementor-element elementor-element-614ca75 elementor-section-boxed elementor-section-height-default elementor-section-height-default\" data-id=\"614ca75\" data-element_type=\"section\" data-e-type=\"section\">\n\t\t\t\t\t\t<div class=\"elementor-container elementor-column-gap-default\">\n\t\t\t\t\t<div class=\"elementor-column elementor-col-100 elementor-top-column elementor-element elementor-element-af5e2ae\" data-id=\"af5e2ae\" data-element_type=\"column\" data-e-type=\"column\">\n\t\t\t<div class=\"elementor-widget-wrap elementor-element-populated\">\n\t\t\t\t\t\t<div class=\"elementor-element elementor-element-599fb84 elementor-widget elementor-widget-text-editor\" data-id=\"599fb84\" data-element_type=\"widget\" data-e-type=\"widget\" data-widget_type=\"text-editor.default\">\n\t\t\t\t<div class=\"elementor-widget-container\">\n\t\t\t\t\t\t\t\t\t<p>Vous pouvez aussi arriver en avion \u00e0 l&#8217;a\u00e9roport de Toulouse, \u00e0 une heure et demie en voiture. Les vols de KLM\/Air France, Ryanair (Londres) et Easyjet (Amsterdam, Lisbonne, Gen\u00e8ve) arrivent \u00e0 Toulouse.\u00a0<\/p><p>\u00a0<\/p>\t\t\t\t\t\t\t\t<\/div>\n\t\t\t\t<\/div>\n\t\t\t\t\t<\/div>\n\t\t<\/div>\n\t\t\t\t\t<\/div>\n\t\t<\/section>\n\t\t\t\t<section class=\"elementor-section elementor-top-section elementor-element elementor-element-4af2a6c elementor-section-boxed elementor-section-height-default elementor-section-height-default\" data-id=\"4af2a6c\" data-element_type=\"section\" data-e-type=\"section\">\n\t\t\t\t\t\t<div class=\"elementor-container elementor-column-gap-default\">\n\t\t\t\t\t<div class=\"elementor-column elementor-col-100 elementor-top-column elementor-element elementor-element-2aed122\" data-id=\"2aed122\" data-element_type=\"column\" data-e-type=\"column\">\n\t\t\t<div class=\"elementor-widget-wrap elementor-element-populated\">\n\t\t\t\t\t\t<div class=\"elementor-element elementor-element-9dd98a3 elementor-widget elementor-widget-heading\" data-id=\"9dd98a3\" data-element_type=\"widget\" data-e-type=\"widget\" data-widget_type=\"heading.default\">\n\t\t\t\t<div class=\"elementor-widget-container\">\n\t\t\t\t\t<h2 class=\"elementor-heading-title elementor-size-medium\">Acc\u00e8s \u00e0 la Maison de la Souque\/l'adresse<\/h2>\t\t\t\t<\/div>\n\t\t\t\t<\/div>\n\t\t\t\t\t<\/div>\n\t\t<\/div>\n\t\t\t\t\t<\/div>\n\t\t<\/section>\n\t\t\t\t<section class=\"elementor-section elementor-top-section elementor-element elementor-element-e572d57 elementor-section-boxed elementor-section-height-default elementor-section-height-default\" data-id=\"e572d57\" data-element_type=\"section\" data-e-type=\"section\">\n\t\t\t\t\t\t<div class=\"elementor-container elementor-column-gap-default\">\n\t\t\t\t\t<div class=\"elementor-column elementor-col-50 elementor-top-column elementor-element elementor-element-6056b28\" data-id=\"6056b28\" data-element_type=\"column\" data-e-type=\"column\">\n\t\t\t<div class=\"elementor-widget-wrap elementor-element-populated\">\n\t\t\t\t\t\t<div class=\"elementor-element elementor-element-596abcf elementor-widget__width-initial elementor-widget elementor-widget-text-editor\" data-id=\"596abcf\" data-element_type=\"widget\" data-e-type=\"widget\" data-widget_type=\"text-editor.default\">\n\t\t\t\t<div class=\"elementor-widget-container\">\n\t\t\t\t\t\t\t\t\t<p>La Maison de la Souque<\/p>\n<p>La Souque<\/p>\n<p>81190 Mirandol-Bourgnounac<\/p>\n<p>T\u00e9l +33 (0) 5 63364135 ou t\u00e9l portable +33 (0) 6 31379049 (pr\u00e9f\u00e9rable)<\/p>\n<p>info@lamaisondelasouque.fr<\/p>\n<p>www.lamaisondelasouque.fr<\/p>\t\t\t\t\t\t\t\t<\/div>\n\t\t\t\t<\/div>\n\t\t\t\t\t<\/div>\n\t\t<\/div>\n\t\t\t\t<div class=\"elementor-column elementor-col-50 elementor-top-column elementor-element elementor-element-bb4006c\" data-id=\"bb4006c\" data-element_type=\"column\" data-e-type=\"column\">\n\t\t\t<div class=\"elementor-widget-wrap elementor-element-populated\">\n\t\t\t\t\t\t<div class=\"elementor-element elementor-element-bd4d9d2 elementor-widget elementor-widget-image\" data-id=\"bd4d9d2\" data-element_type=\"widget\" data-e-type=\"widget\" data-widget_type=\"image.default\">\n\t\t\t\t<div class=\"elementor-widget-container\">\n\t\t\t\t\t\t\t\t\t\t\t\t\t\t\t<img fetchpriority=\"high\" decoding=\"async\" width=\"188\" height=\"300\" src=\"https:\/\/www.lamaisondelasouque.fr\/wp-content\/uploads\/2020\/04\/Mirandol-Bourgnounac-e1674739164477-188x300.jpg\" class=\"attachment-medium size-medium wp-image-2481\" alt=\"Mirandol-Bourgnounac\" srcset=\"https:\/\/www.lamaisondelasouque.fr\/wp-content\/uploads\/2020\/04\/Mirandol-Bourgnounac-e1674739164477-188x300.jpg 188w, https:\/\/www.lamaisondelasouque.fr\/wp-content\/uploads\/2020\/04\/Mirandol-Bourgnounac-e1674739164477-230x368.jpg 230w, https:\/\/www.lamaisondelasouque.fr\/wp-content\/uploads\/2020\/04\/Mirandol-Bourgnounac-e1674739164477-350x560.jpg 350w, https:\/\/www.lamaisondelasouque.fr\/wp-content\/uploads\/2020\/04\/Mirandol-Bourgnounac-e1674739164477.jpg 400w\" sizes=\"(max-width: 188px) 100vw, 188px\" \/>\t\t\t\t\t\t\t\t\t\t\t\t\t\t\t<\/div>\n\t\t\t\t<\/div>\n\t\t\t\t\t<\/div>\n\t\t<\/div>\n\t\t\t\t\t<\/div>\n\t\t<\/section>\n\t\t\t\t<section class=\"elementor-section elementor-top-section elementor-element elementor-element-491535c elementor-section-boxed elementor-section-height-default elementor-section-height-default\" data-id=\"491535c\" data-element_type=\"section\" data-e-type=\"section\">\n\t\t\t\t\t\t<div class=\"elementor-container elementor-column-gap-default\">\n\t\t\t\t\t<div class=\"elementor-column elementor-col-100 elementor-top-column elementor-element elementor-element-c0ce825\" data-id=\"c0ce825\" data-element_type=\"column\" data-e-type=\"column\">\n\t\t\t<div class=\"elementor-widget-wrap elementor-element-populated\">\n\t\t\t\t\t\t<div class=\"elementor-element elementor-element-04a71f8 elementor-widget elementor-widget-google_maps\" data-id=\"04a71f8\" data-element_type=\"widget\" data-e-type=\"widget\" data-widget_type=\"google_maps.default\">\n\t\t\t\t<div class=\"elementor-widget-container\">\n\t\t\t\t\t\t\t<div class=\"elementor-custom-embed\">\n\t\t\t<iframe loading=\"lazy\"\n\t\t\t\t\tsrc=\"https:\/\/maps.google.com\/maps?q=La%20Maison%20de%20la%20Souque&#038;t=m&#038;z=10&#038;output=embed&#038;iwloc=near\"\n\t\t\t\t\ttitle=\"La Maison de la Souque\"\n\t\t\t\t\taria-label=\"La Maison de la Souque\"\n\t\t\t><\/iframe>\n\t\t<\/div>\n\t\t\t\t\t\t<\/div>\n\t\t\t\t<\/div>\n\t\t\t\t\t<\/div>\n\t\t<\/div>\n\t\t\t\t\t<\/div>\n\t\t<\/section>\n\t\t\t\t<section class=\"elementor-section elementor-top-section elementor-element elementor-element-193f7dc elementor-section-boxed elementor-section-height-default elementor-section-height-default\" data-id=\"193f7dc\" data-element_type=\"section\" data-e-type=\"section\">\n\t\t\t\t\t\t<div class=\"elementor-container elementor-column-gap-default\">\n\t\t\t\t\t<div class=\"elementor-column elementor-col-100 elementor-top-column elementor-element elementor-element-7395962\" data-id=\"7395962\" data-element_type=\"column\" data-e-type=\"column\">\n\t\t\t<div class=\"elementor-widget-wrap elementor-element-populated\">\n\t\t\t\t\t\t<div class=\"elementor-element elementor-element-70f2901 elementor-widget elementor-widget-text-editor\" data-id=\"70f2901\" data-element_type=\"widget\" data-e-type=\"widget\" data-widget_type=\"text-editor.default\">\n\t\t\t\t<div class=\"elementor-widget-container\">\n\t\t\t\t\t\t\t\t\t<p>Retour \u00e0&nbsp;<a href=\"https:\/\/www.lamaisondelasouque.fr\/\" style=\"font-family: var( --e-global-typography-text-font-family ), Sans-serif; font-weight: var( --e-global-typography-text-font-weight ); background-color: rgb(255, 255, 255);\">accueil<\/a><span style=\"color: var( --e-global-color-text ); font-family: var( --e-global-typography-text-font-family ), Sans-serif; font-weight: var( --e-global-typography-text-font-weight );\">&nbsp;<\/span><\/p>\t\t\t\t\t\t\t\t<\/div>\n\t\t\t\t<\/div>\n\t\t\t\t\t<\/div>\n\t\t<\/div>\n\t\t\t\t\t<\/div>\n\t\t<\/section>\n\t\t\t\t<\/div>\n\t\t","protected":false},"excerpt":{"rendered":"<p>Pour arriver \u00e0 la Maison de la Souque: La maison est situ\u00e9e \u00e0 un peu plus d&#8217;un kilom\u00e8tre du centre de Mirandol-Bourgnounac. L&#8217;acc\u00e8s est par la petite route, au d\u00e9but du village, en venant de Carmaux, Albi et le S\u00e9gur. Arriver \u00e0 la Maison de la Souque en voiture Quand vous arrivez en voiture, il [&hellip;]<\/p>\n","protected":false},"author":1,"featured_media":0,"parent":0,"menu_order":0,"comment_status":"closed","ping_status":"closed","template":"","meta":{"_lmt_disableupdate":"","_lmt_disable":"","_monsterinsights_skip_tracking":false,"_monsterinsights_sitenote_active":false,"_monsterinsights_sitenote_note":"","_monsterinsights_sitenote_category":0,"_uf_show_specific_survey":0,"_uf_disable_surveys":false,"footnotes":""},"class_list":["post-2639","page","type-page","status-publish","hentry"],"yoast_head":"<!-- This site is optimized with the Yoast SEO Premium plugin v27.2 (Yoast SEO v27.2) - https:\/\/yoast.com\/product\/yoast-seo-premium-wordpress\/ -->\n<title>Acc\u00e8s et contact - La Maison de la Souque<\/title>\n<meta name=\"description\" content=\"Pour arriver \u00e0 la Maison de la Souque: La maison est situ\u00e9e \u00e0 un peu plus d\u2019un kilom\u00e8tre du centre de Mirandol-Bourgnounac.\" \/>\n<meta name=\"robots\" content=\"index, follow, max-snippet:-1, max-image-preview:large, max-video-preview:-1\" \/>\n<link rel=\"canonical\" href=\"https:\/\/www.lamaisondelasouque.fr\/index.php\/acces-et-contact\/\" \/>\n<meta property=\"og:locale\" content=\"fr_FR\" \/>\n<meta property=\"og:type\" content=\"article\" \/>\n<meta property=\"og:title\" content=\"Acc\u00e8s et contact\" \/>\n<meta property=\"og:description\" content=\"Pour arriver \u00e0 la Maison de la Souque: La maison est situ\u00e9e \u00e0 un peu plus d\u2019un kilom\u00e8tre du centre de Mirandol-Bourgnounac.\" \/>\n<meta property=\"og:url\" content=\"https:\/\/www.lamaisondelasouque.fr\/index.php\/acces-et-contact\/\" \/>\n<meta property=\"og:site_name\" content=\"La Maison de la Souque\" \/>\n<meta property=\"article:publisher\" content=\"https:\/\/www.facebook.com\/lamaisondelasouque\" \/>\n<meta property=\"article:modified_time\" content=\"2023-01-26T21:21:53+00:00\" \/>\n<meta property=\"og:image\" content=\"https:\/\/www.lamaisondelasouque.fr\/wp-content\/uploads\/2020\/04\/Mirandol-Bourgnounac-e1674739164477-188x300.jpg\" \/>\n<meta name=\"twitter:card\" content=\"summary_large_image\" \/>\n<meta name=\"twitter:label1\" content=\"Est. reading time\" \/>\n\t<meta name=\"twitter:data1\" content=\"2 minutes\" \/>\n<script type=\"application\/ld+json\" class=\"yoast-schema-graph\">{\"@context\":\"https:\/\/schema.org\",\"@graph\":[{\"@type\":\"WebPage\",\"@id\":\"https:\/\/www.lamaisondelasouque.fr\/index.php\/acces-et-contact\/\",\"url\":\"https:\/\/www.lamaisondelasouque.fr\/index.php\/acces-et-contact\/\",\"name\":\"Acc\u00e8s et contact - La Maison de la Souque\",\"isPartOf\":{\"@id\":\"https:\/\/www.lamaisondelasouque.fr\/#website\"},\"primaryImageOfPage\":{\"@id\":\"https:\/\/www.lamaisondelasouque.fr\/index.php\/acces-et-contact\/#primaryimage\"},\"image\":{\"@id\":\"https:\/\/www.lamaisondelasouque.fr\/index.php\/acces-et-contact\/#primaryimage\"},\"thumbnailUrl\":\"https:\/\/www.lamaisondelasouque.fr\/wp-content\/uploads\/2020\/04\/Mirandol-Bourgnounac-e1674739164477-188x300.jpg\",\"datePublished\":\"2023-01-24T12:24:05+00:00\",\"dateModified\":\"2023-01-26T21:21:53+00:00\",\"description\":\"Pour arriver \u00e0 la Maison de la Souque: La maison est situ\u00e9e \u00e0 un peu plus d\u2019un kilom\u00e8tre du centre de Mirandol-Bourgnounac.\",\"breadcrumb\":{\"@id\":\"https:\/\/www.lamaisondelasouque.fr\/index.php\/acces-et-contact\/#breadcrumb\"},\"inLanguage\":\"fr-FR\",\"potentialAction\":[{\"@type\":\"ReadAction\",\"target\":[\"https:\/\/www.lamaisondelasouque.fr\/index.php\/acces-et-contact\/\"]}]},{\"@type\":\"ImageObject\",\"inLanguage\":\"fr-FR\",\"@id\":\"https:\/\/www.lamaisondelasouque.fr\/index.php\/acces-et-contact\/#primaryimage\",\"url\":\"https:\/\/www.lamaisondelasouque.fr\/wp-content\/uploads\/2020\/04\/Mirandol-Bourgnounac-e1674739164477.jpg\",\"contentUrl\":\"https:\/\/www.lamaisondelasouque.fr\/wp-content\/uploads\/2020\/04\/Mirandol-Bourgnounac-e1674739164477.jpg\",\"width\":400,\"height\":640,\"caption\":\"Mirandol-Bourgnounac\"},{\"@type\":\"BreadcrumbList\",\"@id\":\"https:\/\/www.lamaisondelasouque.fr\/index.php\/acces-et-contact\/#breadcrumb\",\"itemListElement\":[{\"@type\":\"ListItem\",\"position\":1,\"name\":\"Home\",\"item\":\"https:\/\/www.lamaisondelasouque.fr\/\"},{\"@type\":\"ListItem\",\"position\":2,\"name\":\"Acc\u00e8s et contact\"}]},{\"@type\":\"WebSite\",\"@id\":\"https:\/\/www.lamaisondelasouque.fr\/#website\",\"url\":\"https:\/\/www.lamaisondelasouque.fr\/\",\"name\":\"La Maison de la Souque\",\"description\":\"Maison et table d&#039;h\u00f4tes\",\"publisher\":{\"@id\":\"https:\/\/www.lamaisondelasouque.fr\/#organization\"},\"alternateName\":\"Franse les in Frankrijk\",\"potentialAction\":[{\"@type\":\"SearchAction\",\"target\":{\"@type\":\"EntryPoint\",\"urlTemplate\":\"https:\/\/www.lamaisondelasouque.fr\/?s={search_term_string}\"},\"query-input\":{\"@type\":\"PropertyValueSpecification\",\"valueRequired\":true,\"valueName\":\"search_term_string\"}}],\"inLanguage\":\"fr-FR\"},{\"@type\":\"Organization\",\"@id\":\"https:\/\/www.lamaisondelasouque.fr\/#organization\",\"name\":\"La Maison de la Souque\",\"alternateName\":\"Marianne Rosenberg\",\"url\":\"https:\/\/www.lamaisondelasouque.fr\/\",\"logo\":{\"@type\":\"ImageObject\",\"inLanguage\":\"fr-FR\",\"@id\":\"https:\/\/www.lamaisondelasouque.fr\/#\/schema\/logo\/image\/\",\"url\":\"https:\/\/www.lamaisondelasouque.fr\/wp-content\/uploads\/2017\/10\/maison-drone-aout2017-1024x677.jpg\",\"contentUrl\":\"https:\/\/www.lamaisondelasouque.fr\/wp-content\/uploads\/2017\/10\/maison-drone-aout2017-1024x677.jpg\",\"width\":1024,\"height\":677,\"caption\":\"La Maison de la Souque\"},\"image\":{\"@id\":\"https:\/\/www.lamaisondelasouque.fr\/#\/schema\/logo\/image\/\"},\"sameAs\":[\"https:\/\/www.facebook.com\/lamaisondelasouque\",\"https:\/\/www.instagram.com\/marianne_rosenberg\"]}]}<\/script>\n<!-- \/ Yoast SEO Premium plugin. -->","yoast_head_json":{"title":"Acc\u00e8s et contact - La Maison de la Souque","description":"Pour arriver \u00e0 la Maison de la Souque: La maison est situ\u00e9e \u00e0 un peu plus d\u2019un kilom\u00e8tre du centre de Mirandol-Bourgnounac.","robots":{"index":"index","follow":"follow","max-snippet":"max-snippet:-1","max-image-preview":"max-image-preview:large","max-video-preview":"max-video-preview:-1"},"canonical":"https:\/\/www.lamaisondelasouque.fr\/index.php\/acces-et-contact\/","og_locale":"fr_FR","og_type":"article","og_title":"Acc\u00e8s et contact","og_description":"Pour arriver \u00e0 la Maison de la Souque: La maison est situ\u00e9e \u00e0 un peu plus d\u2019un kilom\u00e8tre du centre de Mirandol-Bourgnounac.","og_url":"https:\/\/www.lamaisondelasouque.fr\/index.php\/acces-et-contact\/","og_site_name":"La Maison de la Souque","article_publisher":"https:\/\/www.facebook.com\/lamaisondelasouque","article_modified_time":"2023-01-26T21:21:53+00:00","og_image":[{"url":"https:\/\/www.lamaisondelasouque.fr\/wp-content\/uploads\/2020\/04\/Mirandol-Bourgnounac-e1674739164477-188x300.jpg","type":"","width":"","height":""}],"twitter_card":"summary_large_image","twitter_misc":{"Est. reading time":"2 minutes"},"schema":{"@context":"https:\/\/schema.org","@graph":[{"@type":"WebPage","@id":"https:\/\/www.lamaisondelasouque.fr\/index.php\/acces-et-contact\/","url":"https:\/\/www.lamaisondelasouque.fr\/index.php\/acces-et-contact\/","name":"Acc\u00e8s et contact - La Maison de la Souque","isPartOf":{"@id":"https:\/\/www.lamaisondelasouque.fr\/#website"},"primaryImageOfPage":{"@id":"https:\/\/www.lamaisondelasouque.fr\/index.php\/acces-et-contact\/#primaryimage"},"image":{"@id":"https:\/\/www.lamaisondelasouque.fr\/index.php\/acces-et-contact\/#primaryimage"},"thumbnailUrl":"https:\/\/www.lamaisondelasouque.fr\/wp-content\/uploads\/2020\/04\/Mirandol-Bourgnounac-e1674739164477-188x300.jpg","datePublished":"2023-01-24T12:24:05+00:00","dateModified":"2023-01-26T21:21:53+00:00","description":"Pour arriver \u00e0 la Maison de la Souque: La maison est situ\u00e9e \u00e0 un peu plus d\u2019un kilom\u00e8tre du centre de Mirandol-Bourgnounac.","breadcrumb":{"@id":"https:\/\/www.lamaisondelasouque.fr\/index.php\/acces-et-contact\/#breadcrumb"},"inLanguage":"fr-FR","potentialAction":[{"@type":"ReadAction","target":["https:\/\/www.lamaisondelasouque.fr\/index.php\/acces-et-contact\/"]}]},{"@type":"ImageObject","inLanguage":"fr-FR","@id":"https:\/\/www.lamaisondelasouque.fr\/index.php\/acces-et-contact\/#primaryimage","url":"https:\/\/www.lamaisondelasouque.fr\/wp-content\/uploads\/2020\/04\/Mirandol-Bourgnounac-e1674739164477.jpg","contentUrl":"https:\/\/www.lamaisondelasouque.fr\/wp-content\/uploads\/2020\/04\/Mirandol-Bourgnounac-e1674739164477.jpg","width":400,"height":640,"caption":"Mirandol-Bourgnounac"},{"@type":"BreadcrumbList","@id":"https:\/\/www.lamaisondelasouque.fr\/index.php\/acces-et-contact\/#breadcrumb","itemListElement":[{"@type":"ListItem","position":1,"name":"Home","item":"https:\/\/www.lamaisondelasouque.fr\/"},{"@type":"ListItem","position":2,"name":"Acc\u00e8s et contact"}]},{"@type":"WebSite","@id":"https:\/\/www.lamaisondelasouque.fr\/#website","url":"https:\/\/www.lamaisondelasouque.fr\/","name":"La Maison de la Souque","description":"Maison et table d&#039;h\u00f4tes","publisher":{"@id":"https:\/\/www.lamaisondelasouque.fr\/#organization"},"alternateName":"Franse les in Frankrijk","potentialAction":[{"@type":"SearchAction","target":{"@type":"EntryPoint","urlTemplate":"https:\/\/www.lamaisondelasouque.fr\/?s={search_term_string}"},"query-input":{"@type":"PropertyValueSpecification","valueRequired":true,"valueName":"search_term_string"}}],"inLanguage":"fr-FR"},{"@type":"Organization","@id":"https:\/\/www.lamaisondelasouque.fr\/#organization","name":"La Maison de la Souque","alternateName":"Marianne Rosenberg","url":"https:\/\/www.lamaisondelasouque.fr\/","logo":{"@type":"ImageObject","inLanguage":"fr-FR","@id":"https:\/\/www.lamaisondelasouque.fr\/#\/schema\/logo\/image\/","url":"https:\/\/www.lamaisondelasouque.fr\/wp-content\/uploads\/2017\/10\/maison-drone-aout2017-1024x677.jpg","contentUrl":"https:\/\/www.lamaisondelasouque.fr\/wp-content\/uploads\/2017\/10\/maison-drone-aout2017-1024x677.jpg","width":1024,"height":677,"caption":"La Maison de la Souque"},"image":{"@id":"https:\/\/www.lamaisondelasouque.fr\/#\/schema\/logo\/image\/"},"sameAs":["https:\/\/www.facebook.com\/lamaisondelasouque","https:\/\/www.instagram.com\/marianne_rosenberg"]}]}},"_links":{"self":[{"href":"https:\/\/www.lamaisondelasouque.fr\/index.php\/wp-json\/wp\/v2\/pages\/2639","targetHints":{"allow":["GET"]}}],"collection":[{"href":"https:\/\/www.lamaisondelasouque.fr\/index.php\/wp-json\/wp\/v2\/pages"}],"about":[{"href":"https:\/\/www.lamaisondelasouque.fr\/index.php\/wp-json\/wp\/v2\/types\/page"}],"author":[{"embeddable":true,"href":"https:\/\/www.lamaisondelasouque.fr\/index.php\/wp-json\/wp\/v2\/users\/1"}],"replies":[{"embeddable":true,"href":"https:\/\/www.lamaisondelasouque.fr\/index.php\/wp-json\/wp\/v2\/comments?post=2639"}],"version-history":[{"count":19,"href":"https:\/\/www.lamaisondelasouque.fr\/index.php\/wp-json\/wp\/v2\/pages\/2639\/revisions"}],"predecessor-version":[{"id":2773,"href":"https:\/\/www.lamaisondelasouque.fr\/index.php\/wp-json\/wp\/v2\/pages\/2639\/revisions\/2773"}],"wp:attachment":[{"href":"https:\/\/www.lamaisondelasouque.fr\/index.php\/wp-json\/wp\/v2\/media?parent=2639"}],"curies":[{"name":"wp","href":"https:\/\/api.w.org\/{rel}","templated":true}]}}