{"id":207,"date":"2017-01-03T11:45:24","date_gmt":"2017-01-03T10:45:24","guid":{"rendered":"http:\/\/www.lamaisondelasouque.fr\/?page_id=207"},"modified":"2017-03-28T18:16:28","modified_gmt":"2017-03-28T17:16:28","slug":"leschambres","status":"publish","type":"page","link":"https:\/\/www.lamaisondelasouque.fr\/index.php\/leschambres\/","title":{"rendered":"Chambres"},"content":{"rendered":"<div id=\"pl-207\"  class=\"panel-layout\" ><div id=\"pg-207-0\"  class=\"panel-grid panel-has-style\" ><div style=\"padding: 20px 0; \" data-overlay=\"true\" data-overlay-color=\"#000000\" class=\"panel-row-style panel-row-style-for-207-0\" ><div id=\"pgc-207-0-0\"  class=\"panel-grid-cell\" ><div id=\"panel-207-0-0-0\" class=\"so-panel widget widget_sow-editor panel-first-child panel-last-child\" data-index=\"0\" ><div style=\"text-align: left;\" data-title-color=\"#443f3f\" data-headings-color=\"#443f3f\" class=\"panel-widget-style panel-widget-style-for-207-0-0-0\" ><div\n\t\t\t\n\t\t\tclass=\"so-widget-sow-editor so-widget-sow-editor-base\"\n\t\t\t\n\t\t>\n<div class=\"siteorigin-widget-tinymce textwidget\">\n\t<\/div>\n<\/div><\/div><\/div><\/div><\/div><\/div><div id=\"pg-207-1\"  class=\"panel-grid panel-has-style\" ><div style=\"padding: 20px 0; \" data-overlay=\"true\" data-overlay-color=\"#000000\" class=\"panel-row-style panel-row-style-for-207-1\" ><div id=\"pgc-207-1-0\"  class=\"panel-grid-cell\" ><div id=\"panel-207-1-0-0\" class=\"so-panel widget widget_sow-editor panel-first-child panel-last-child\" data-index=\"1\" ><div style=\"text-align: left;\" data-title-color=\"#443f3f\" data-headings-color=\"#443f3f\" class=\"panel-widget-style panel-widget-style-for-207-1-0-0\" ><div\n\t\t\t\n\t\t\tclass=\"so-widget-sow-editor so-widget-sow-editor-base\"\n\t\t\t\n\t\t><h3 class=\"widget-title\">Les chambres confortables<\/h3>\n<div class=\"siteorigin-widget-tinymce textwidget\">\n\t<\/div>\n<\/div><\/div><\/div><\/div><\/div><\/div><div id=\"pg-207-2\"  class=\"panel-grid panel-has-style\" ><div style=\"padding: 20px 0; \" data-overlay=\"true\" data-overlay-color=\"#000000\" class=\"panel-row-style panel-row-style-for-207-2\" ><div id=\"pgc-207-2-0\"  class=\"panel-grid-cell panel-grid-cell-mobile-last\" ><div id=\"panel-207-2-0-0\" class=\"so-panel widget widget_sow-editor panel-first-child panel-last-child\" data-index=\"2\" ><div style=\"text-align: left;\" data-title-color=\"#443f3f\" data-headings-color=\"#443f3f\" class=\"panel-widget-style panel-widget-style-for-207-2-0-0\" ><div\n\t\t\t\n\t\t\tclass=\"so-widget-sow-editor so-widget-sow-editor-base\"\n\t\t\t\n\t\t>\n<div class=\"siteorigin-widget-tinymce textwidget\">\n\t<p>La Maison de la Souque vous souhaite la bienvenue. Les chambres confortables sont d\u00e9cor\u00e9es avec soin et disposent d'une salle d'eau privative attenante. Vous y trouverez du silence et du repos. A la Maison de la Souque tout est \u00e0 sa place avec ses petits coins privatifs dans le jardin avec ses fleurs et arbres fruitiers. Tout cela invite \u00e0 la lecture, le bain de soleil ou la sieste sous les ch\u00eanes, avant de repartir \u00e0 la d\u00e9couverte de la nature en randonn\u00e9es \u00e0 pied ou en v\u00e9lo.<\/p>\n<\/div>\n<\/div><\/div><\/div><\/div><div id=\"pgc-207-2-1\"  class=\"panel-grid-cell panel-grid-cell-empty\" ><\/div><\/div><\/div><div id=\"pg-207-3\"  class=\"panel-grid panel-has-style\" ><div style=\"padding: 20px 0; \" data-overlay=\"true\" data-overlay-color=\"#000000\" class=\"panel-row-style panel-row-style-for-207-3\" ><div id=\"pgc-207-3-0\"  class=\"panel-grid-cell\" ><div id=\"panel-207-3-0-0\" class=\"so-panel widget widget_sow-image panel-first-child\" data-index=\"3\" ><div style=\"text-align: left;\" data-title-color=\"#443f3f\" data-headings-color=\"#443f3f\" class=\"panel-widget-style panel-widget-style-for-207-3-0-0\" ><div\n\t\t\t\n\t\t\tclass=\"so-widget-sow-image so-widget-sow-image-default-8b5b6f678277-207\"\n\t\t\t\n\t\t>\n<div class=\"sow-image-container\">\n\t\t<img fetchpriority=\"high\" \n\tsrc=\"https:\/\/www.lamaisondelasouque.fr\/wp-content\/uploads\/2017\/03\/Mariann-R.-kamer-1a-optimised.jpg\" width=\"1920\" height=\"1280\" srcset=\"https:\/\/www.lamaisondelasouque.fr\/wp-content\/uploads\/2017\/03\/Mariann-R.-kamer-1a-optimised.jpg 1920w, https:\/\/www.lamaisondelasouque.fr\/wp-content\/uploads\/2017\/03\/Mariann-R.-kamer-1a-optimised-300x200.jpg 300w, https:\/\/www.lamaisondelasouque.fr\/wp-content\/uploads\/2017\/03\/Mariann-R.-kamer-1a-optimised-768x512.jpg 768w, https:\/\/www.lamaisondelasouque.fr\/wp-content\/uploads\/2017\/03\/Mariann-R.-kamer-1a-optimised-1024x683.jpg 1024w, https:\/\/www.lamaisondelasouque.fr\/wp-content\/uploads\/2017\/03\/Mariann-R.-kamer-1a-optimised-830x553.jpg 830w, https:\/\/www.lamaisondelasouque.fr\/wp-content\/uploads\/2017\/03\/Mariann-R.-kamer-1a-optimised-230x153.jpg 230w, https:\/\/www.lamaisondelasouque.fr\/wp-content\/uploads\/2017\/03\/Mariann-R.-kamer-1a-optimised-350x233.jpg 350w, https:\/\/www.lamaisondelasouque.fr\/wp-content\/uploads\/2017\/03\/Mariann-R.-kamer-1a-optimised-480x320.jpg 480w, https:\/\/www.lamaisondelasouque.fr\/wp-content\/uploads\/2017\/03\/Mariann-R.-kamer-1a-optimised-272x182.jpg 272w\" sizes=\"(max-width: 1920px) 100vw, 1920px\" title=\"chambres d&#039;h\u00f4tes Tarn\" alt=\"chambres d&#039;h\u00f4tes Tarn\" \t\tclass=\"so-widget-image\"\/>\n\t<\/div>\n\n<\/div><\/div><\/div><div id=\"panel-207-3-0-1\" class=\"so-panel widget widget_sow-image\" data-index=\"4\" ><div style=\"text-align: left;\" data-title-color=\"#443f3f\" data-headings-color=\"#443f3f\" class=\"panel-widget-style panel-widget-style-for-207-3-0-1\" ><div\n\t\t\t\n\t\t\tclass=\"so-widget-sow-image so-widget-sow-image-default-8b5b6f678277-207\"\n\t\t\t\n\t\t>\n<div class=\"sow-image-container\">\n\t\t<img \n\tsrc=\"https:\/\/www.lamaisondelasouque.fr\/wp-content\/uploads\/2017\/03\/Mariann-R.-kamer-2b-optimised.jpg\" width=\"1920\" height=\"1280\" srcset=\"https:\/\/www.lamaisondelasouque.fr\/wp-content\/uploads\/2017\/03\/Mariann-R.-kamer-2b-optimised.jpg 1920w, https:\/\/www.lamaisondelasouque.fr\/wp-content\/uploads\/2017\/03\/Mariann-R.-kamer-2b-optimised-300x200.jpg 300w, https:\/\/www.lamaisondelasouque.fr\/wp-content\/uploads\/2017\/03\/Mariann-R.-kamer-2b-optimised-768x512.jpg 768w, https:\/\/www.lamaisondelasouque.fr\/wp-content\/uploads\/2017\/03\/Mariann-R.-kamer-2b-optimised-1024x683.jpg 1024w, https:\/\/www.lamaisondelasouque.fr\/wp-content\/uploads\/2017\/03\/Mariann-R.-kamer-2b-optimised-830x553.jpg 830w, https:\/\/www.lamaisondelasouque.fr\/wp-content\/uploads\/2017\/03\/Mariann-R.-kamer-2b-optimised-230x153.jpg 230w, https:\/\/www.lamaisondelasouque.fr\/wp-content\/uploads\/2017\/03\/Mariann-R.-kamer-2b-optimised-350x233.jpg 350w, https:\/\/www.lamaisondelasouque.fr\/wp-content\/uploads\/2017\/03\/Mariann-R.-kamer-2b-optimised-480x320.jpg 480w, https:\/\/www.lamaisondelasouque.fr\/wp-content\/uploads\/2017\/03\/Mariann-R.-kamer-2b-optimised-272x182.jpg 272w\" sizes=\"(max-width: 1920px) 100vw, 1920px\" title=\"chambres d&#039;h\u00f4tes Tarn\" alt=\"chambres d&#039;h\u00f4tes charme Tarn\" \t\tclass=\"so-widget-image\"\/>\n\t<\/div>\n\n<\/div><\/div><\/div><div id=\"panel-207-3-0-2\" class=\"so-panel widget widget_sow-image panel-last-child\" data-index=\"5\" ><div style=\"text-align: left;\" data-title-color=\"#443f3f\" data-headings-color=\"#443f3f\" class=\"panel-widget-style panel-widget-style-for-207-3-0-2\" ><div\n\t\t\t\n\t\t\tclass=\"so-widget-sow-image so-widget-sow-image-default-8b5b6f678277-207\"\n\t\t\t\n\t\t>\n<div class=\"sow-image-container\">\n\t\t<img \n\tsrc=\"https:\/\/www.lamaisondelasouque.fr\/wp-content\/uploads\/2017\/03\/Mariann-R.-kamer-3c-optimised.jpg\" width=\"1920\" height=\"1280\" srcset=\"https:\/\/www.lamaisondelasouque.fr\/wp-content\/uploads\/2017\/03\/Mariann-R.-kamer-3c-optimised.jpg 1920w, https:\/\/www.lamaisondelasouque.fr\/wp-content\/uploads\/2017\/03\/Mariann-R.-kamer-3c-optimised-300x200.jpg 300w, https:\/\/www.lamaisondelasouque.fr\/wp-content\/uploads\/2017\/03\/Mariann-R.-kamer-3c-optimised-768x512.jpg 768w, https:\/\/www.lamaisondelasouque.fr\/wp-content\/uploads\/2017\/03\/Mariann-R.-kamer-3c-optimised-1024x683.jpg 1024w, https:\/\/www.lamaisondelasouque.fr\/wp-content\/uploads\/2017\/03\/Mariann-R.-kamer-3c-optimised-830x553.jpg 830w, https:\/\/www.lamaisondelasouque.fr\/wp-content\/uploads\/2017\/03\/Mariann-R.-kamer-3c-optimised-230x153.jpg 230w, https:\/\/www.lamaisondelasouque.fr\/wp-content\/uploads\/2017\/03\/Mariann-R.-kamer-3c-optimised-350x233.jpg 350w, https:\/\/www.lamaisondelasouque.fr\/wp-content\/uploads\/2017\/03\/Mariann-R.-kamer-3c-optimised-480x320.jpg 480w, https:\/\/www.lamaisondelasouque.fr\/wp-content\/uploads\/2017\/03\/Mariann-R.-kamer-3c-optimised-272x182.jpg 272w\" sizes=\"(max-width: 1920px) 100vw, 1920px\" title=\"chambres d&#039;hotes Segala\" alt=\"Segala chambres d&#039;hotes\" \t\tclass=\"so-widget-image\"\/>\n\t<\/div>\n\n<\/div><\/div><\/div><\/div><div id=\"pgc-207-3-1\"  class=\"panel-grid-cell\" ><div id=\"panel-207-3-1-0\" class=\"so-panel widget widget_sow-image panel-first-child\" data-index=\"6\" ><div style=\"text-align: left;\" data-title-color=\"#443f3f\" data-headings-color=\"#443f3f\" class=\"panel-widget-style panel-widget-style-for-207-3-1-0\" ><div\n\t\t\t\n\t\t\tclass=\"so-widget-sow-image so-widget-sow-image-default-8b5b6f678277-207\"\n\t\t\t\n\t\t>\n<div class=\"sow-image-container\">\n\t\t<img loading=\"lazy\" \n\tsrc=\"https:\/\/www.lamaisondelasouque.fr\/wp-content\/uploads\/2017\/01\/chambre-zigzag-salle-deau.jpg\" width=\"5472\" height=\"3648\" srcset=\"https:\/\/www.lamaisondelasouque.fr\/wp-content\/uploads\/2017\/01\/chambre-zigzag-salle-deau.jpg 5472w, https:\/\/www.lamaisondelasouque.fr\/wp-content\/uploads\/2017\/01\/chambre-zigzag-salle-deau-300x200.jpg 300w, https:\/\/www.lamaisondelasouque.fr\/wp-content\/uploads\/2017\/01\/chambre-zigzag-salle-deau-768x512.jpg 768w, https:\/\/www.lamaisondelasouque.fr\/wp-content\/uploads\/2017\/01\/chambre-zigzag-salle-deau-1024x683.jpg 1024w, https:\/\/www.lamaisondelasouque.fr\/wp-content\/uploads\/2017\/01\/chambre-zigzag-salle-deau-830x553.jpg 830w, https:\/\/www.lamaisondelasouque.fr\/wp-content\/uploads\/2017\/01\/chambre-zigzag-salle-deau-230x153.jpg 230w, https:\/\/www.lamaisondelasouque.fr\/wp-content\/uploads\/2017\/01\/chambre-zigzag-salle-deau-350x233.jpg 350w, https:\/\/www.lamaisondelasouque.fr\/wp-content\/uploads\/2017\/01\/chambre-zigzag-salle-deau-480x320.jpg 480w\" sizes=\"(max-width: 5472px) 100vw, 5472px\" title=\"chambres d&#039;h\u00f4tes Tarn\" alt=\"chambres d&#039;h\u00f4tes Tarn\" \t\tclass=\"so-widget-image\"\/>\n\t<\/div>\n\n<\/div><\/div><\/div><div id=\"panel-207-3-1-1\" class=\"so-panel widget widget_sow-image\" data-index=\"7\" ><div style=\"text-align: left;\" data-title-color=\"#443f3f\" data-headings-color=\"#443f3f\" class=\"panel-widget-style panel-widget-style-for-207-3-1-1\" ><div\n\t\t\t\n\t\t\tclass=\"so-widget-sow-image so-widget-sow-image-default-8b5b6f678277-207\"\n\t\t\t\n\t\t>\n<div class=\"sow-image-container\">\n\t\t<img loading=\"lazy\" \n\tsrc=\"https:\/\/www.lamaisondelasouque.fr\/wp-content\/uploads\/2017\/03\/Mariann-R.-kamer-3a-optimised.jpg\" width=\"1920\" height=\"1280\" srcset=\"https:\/\/www.lamaisondelasouque.fr\/wp-content\/uploads\/2017\/03\/Mariann-R.-kamer-3a-optimised.jpg 1920w, https:\/\/www.lamaisondelasouque.fr\/wp-content\/uploads\/2017\/03\/Mariann-R.-kamer-3a-optimised-300x200.jpg 300w, https:\/\/www.lamaisondelasouque.fr\/wp-content\/uploads\/2017\/03\/Mariann-R.-kamer-3a-optimised-768x512.jpg 768w, https:\/\/www.lamaisondelasouque.fr\/wp-content\/uploads\/2017\/03\/Mariann-R.-kamer-3a-optimised-1024x683.jpg 1024w, https:\/\/www.lamaisondelasouque.fr\/wp-content\/uploads\/2017\/03\/Mariann-R.-kamer-3a-optimised-830x553.jpg 830w, https:\/\/www.lamaisondelasouque.fr\/wp-content\/uploads\/2017\/03\/Mariann-R.-kamer-3a-optimised-230x153.jpg 230w, https:\/\/www.lamaisondelasouque.fr\/wp-content\/uploads\/2017\/03\/Mariann-R.-kamer-3a-optimised-350x233.jpg 350w, https:\/\/www.lamaisondelasouque.fr\/wp-content\/uploads\/2017\/03\/Mariann-R.-kamer-3a-optimised-480x320.jpg 480w, https:\/\/www.lamaisondelasouque.fr\/wp-content\/uploads\/2017\/03\/Mariann-R.-kamer-3a-optimised-272x182.jpg 272w\" sizes=\"(max-width: 1920px) 100vw, 1920px\" title=\"chambres d&#039;h\u00f4tes Tarn\" alt=\"chambres d&#039;h\u00f4tes Tarn\" \t\tclass=\"so-widget-image\"\/>\n\t<\/div>\n\n<\/div><\/div><\/div><div id=\"panel-207-3-1-2\" class=\"so-panel widget widget_sow-image panel-last-child\" data-index=\"8\" ><div style=\"text-align: left;\" data-title-color=\"#443f3f\" data-headings-color=\"#443f3f\" class=\"panel-widget-style panel-widget-style-for-207-3-1-2\" ><div\n\t\t\t\n\t\t\tclass=\"so-widget-sow-image so-widget-sow-image-default-8b5b6f678277-207\"\n\t\t\t\n\t\t>\n<div class=\"sow-image-container\">\n\t\t<img loading=\"lazy\" \n\tsrc=\"https:\/\/www.lamaisondelasouque.fr\/wp-content\/uploads\/2017\/03\/Mariann-R.-kamer-2c-optimised.jpg\" width=\"1920\" height=\"1280\" srcset=\"https:\/\/www.lamaisondelasouque.fr\/wp-content\/uploads\/2017\/03\/Mariann-R.-kamer-2c-optimised.jpg 1920w, https:\/\/www.lamaisondelasouque.fr\/wp-content\/uploads\/2017\/03\/Mariann-R.-kamer-2c-optimised-300x200.jpg 300w, https:\/\/www.lamaisondelasouque.fr\/wp-content\/uploads\/2017\/03\/Mariann-R.-kamer-2c-optimised-768x512.jpg 768w, https:\/\/www.lamaisondelasouque.fr\/wp-content\/uploads\/2017\/03\/Mariann-R.-kamer-2c-optimised-1024x683.jpg 1024w, https:\/\/www.lamaisondelasouque.fr\/wp-content\/uploads\/2017\/03\/Mariann-R.-kamer-2c-optimised-830x553.jpg 830w, https:\/\/www.lamaisondelasouque.fr\/wp-content\/uploads\/2017\/03\/Mariann-R.-kamer-2c-optimised-230x153.jpg 230w, https:\/\/www.lamaisondelasouque.fr\/wp-content\/uploads\/2017\/03\/Mariann-R.-kamer-2c-optimised-350x233.jpg 350w, https:\/\/www.lamaisondelasouque.fr\/wp-content\/uploads\/2017\/03\/Mariann-R.-kamer-2c-optimised-480x320.jpg 480w, https:\/\/www.lamaisondelasouque.fr\/wp-content\/uploads\/2017\/03\/Mariann-R.-kamer-2c-optimised-272x182.jpg 272w\" sizes=\"(max-width: 1920px) 100vw, 1920px\" title=\"chambres d&#039;h\u00f4tes Tarn\" alt=\"chambres d&#039;h\u00f4tes Tarn\" \t\tclass=\"so-widget-image\"\/>\n\t<\/div>\n\n<\/div><\/div><\/div><\/div><\/div><\/div><\/div>","protected":false},"excerpt":{"rendered":"<p>Les chambres confortables La Maison de la Souque vous souhaite la bienvenue. Les chambres confortables sont d\u00e9cor\u00e9es avec soin et disposent d&#8217;une salle d&#8217;eau privative attenante. Vous y trouverez du silence et du repos. A la Maison de la Souque tout est \u00e0 sa place avec ses petits coins privatifs dans le jardin avec ses [&hellip;]<\/p>\n","protected":false},"author":1,"featured_media":0,"parent":0,"menu_order":0,"comment_status":"closed","ping_status":"closed","template":"page-templates\/page_front-page.php","meta":{"_lmt_disableupdate":"","_lmt_disable":"","_monsterinsights_skip_tracking":false,"_monsterinsights_sitenote_active":false,"_monsterinsights_sitenote_note":"","_monsterinsights_sitenote_category":0,"_uf_show_specific_survey":0,"_uf_disable_surveys":false,"footnotes":""},"class_list":["post-207","page","type-page","status-publish","hentry"],"yoast_head":"<!-- This site is optimized with the Yoast SEO Premium plugin v27.2 (Yoast SEO v27.2) - https:\/\/yoast.com\/product\/yoast-seo-premium-wordpress\/ -->\n<title>Chambres - La Maison de la Souque<\/title>\n<meta name=\"description\" content=\"cadre campagnard bucolique. Les chambres confortables sont d\u00e9cor\u00e9es salle d&#039;eau. silence repos. petits coins privatifs jardin fleurs et arbres fruitiers\" \/>\n<meta name=\"robots\" content=\"index, follow, max-snippet:-1, max-image-preview:large, max-video-preview:-1\" \/>\n<link rel=\"canonical\" href=\"https:\/\/www.lamaisondelasouque.fr\/index.php\/leschambres\/\" \/>\n<meta property=\"og:locale\" content=\"fr_FR\" \/>\n<meta property=\"og:type\" content=\"article\" \/>\n<meta property=\"og:title\" content=\"Chambres\" \/>\n<meta property=\"og:description\" content=\"cadre campagnard bucolique. Les chambres confortables sont d\u00e9cor\u00e9es salle d&#039;eau. silence repos. petits coins privatifs jardin fleurs et arbres fruitiers\" \/>\n<meta property=\"og:url\" content=\"https:\/\/www.lamaisondelasouque.fr\/index.php\/leschambres\/\" \/>\n<meta property=\"og:site_name\" content=\"La Maison de la Souque\" \/>\n<meta property=\"article:publisher\" content=\"https:\/\/www.facebook.com\/lamaisondelasouque\" \/>\n<meta property=\"article:modified_time\" content=\"2017-03-28T17:16:28+00:00\" \/>\n<meta property=\"og:image\" content=\"http:\/\/www.lamaisondelasouque.fr\/wp-content\/uploads\/2017\/03\/Mariann-R.-kamer-1a-optimised.jpg\" \/>\n<meta name=\"twitter:card\" content=\"summary_large_image\" \/>\n<meta name=\"twitter:label1\" content=\"Est. reading time\" \/>\n\t<meta name=\"twitter:data1\" content=\"1 minute\" \/>\n<script type=\"application\/ld+json\" class=\"yoast-schema-graph\">{\"@context\":\"https:\/\/schema.org\",\"@graph\":[{\"@type\":\"WebPage\",\"@id\":\"https:\/\/www.lamaisondelasouque.fr\/index.php\/leschambres\/\",\"url\":\"https:\/\/www.lamaisondelasouque.fr\/index.php\/leschambres\/\",\"name\":\"Chambres - La Maison de la Souque\",\"isPartOf\":{\"@id\":\"https:\/\/www.lamaisondelasouque.fr\/#website\"},\"primaryImageOfPage\":{\"@id\":\"https:\/\/www.lamaisondelasouque.fr\/index.php\/leschambres\/#primaryimage\"},\"image\":{\"@id\":\"https:\/\/www.lamaisondelasouque.fr\/index.php\/leschambres\/#primaryimage\"},\"thumbnailUrl\":\"http:\/\/www.lamaisondelasouque.fr\/wp-content\/uploads\/2017\/03\/Mariann-R.-kamer-1a-optimised.jpg\",\"datePublished\":\"2017-01-03T10:45:24+00:00\",\"dateModified\":\"2017-03-28T17:16:28+00:00\",\"description\":\"cadre campagnard bucolique. Les chambres confortables sont d\u00e9cor\u00e9es salle d'eau. silence repos. petits coins privatifs jardin fleurs et arbres fruitiers\",\"breadcrumb\":{\"@id\":\"https:\/\/www.lamaisondelasouque.fr\/index.php\/leschambres\/#breadcrumb\"},\"inLanguage\":\"fr-FR\",\"potentialAction\":[{\"@type\":\"ReadAction\",\"target\":[\"https:\/\/www.lamaisondelasouque.fr\/index.php\/leschambres\/\"]}]},{\"@type\":\"ImageObject\",\"inLanguage\":\"fr-FR\",\"@id\":\"https:\/\/www.lamaisondelasouque.fr\/index.php\/leschambres\/#primaryimage\",\"url\":\"http:\/\/www.lamaisondelasouque.fr\/wp-content\/uploads\/2017\/03\/Mariann-R.-kamer-1a-optimised.jpg\",\"contentUrl\":\"http:\/\/www.lamaisondelasouque.fr\/wp-content\/uploads\/2017\/03\/Mariann-R.-kamer-1a-optimised.jpg\"},{\"@type\":\"BreadcrumbList\",\"@id\":\"https:\/\/www.lamaisondelasouque.fr\/index.php\/leschambres\/#breadcrumb\",\"itemListElement\":[{\"@type\":\"ListItem\",\"position\":1,\"name\":\"Home\",\"item\":\"https:\/\/www.lamaisondelasouque.fr\/\"},{\"@type\":\"ListItem\",\"position\":2,\"name\":\"Chambres\"}]},{\"@type\":\"WebSite\",\"@id\":\"https:\/\/www.lamaisondelasouque.fr\/#website\",\"url\":\"https:\/\/www.lamaisondelasouque.fr\/\",\"name\":\"La Maison de la Souque\",\"description\":\"Maison et table d&#039;h\u00f4tes\",\"publisher\":{\"@id\":\"https:\/\/www.lamaisondelasouque.fr\/#organization\"},\"alternateName\":\"Franse les in Frankrijk\",\"potentialAction\":[{\"@type\":\"SearchAction\",\"target\":{\"@type\":\"EntryPoint\",\"urlTemplate\":\"https:\/\/www.lamaisondelasouque.fr\/?s={search_term_string}\"},\"query-input\":{\"@type\":\"PropertyValueSpecification\",\"valueRequired\":true,\"valueName\":\"search_term_string\"}}],\"inLanguage\":\"fr-FR\"},{\"@type\":\"Organization\",\"@id\":\"https:\/\/www.lamaisondelasouque.fr\/#organization\",\"name\":\"La Maison de la Souque\",\"alternateName\":\"Marianne Rosenberg\",\"url\":\"https:\/\/www.lamaisondelasouque.fr\/\",\"logo\":{\"@type\":\"ImageObject\",\"inLanguage\":\"fr-FR\",\"@id\":\"https:\/\/www.lamaisondelasouque.fr\/#\/schema\/logo\/image\/\",\"url\":\"https:\/\/www.lamaisondelasouque.fr\/wp-content\/uploads\/2017\/10\/maison-drone-aout2017-1024x677.jpg\",\"contentUrl\":\"https:\/\/www.lamaisondelasouque.fr\/wp-content\/uploads\/2017\/10\/maison-drone-aout2017-1024x677.jpg\",\"width\":1024,\"height\":677,\"caption\":\"La Maison de la Souque\"},\"image\":{\"@id\":\"https:\/\/www.lamaisondelasouque.fr\/#\/schema\/logo\/image\/\"},\"sameAs\":[\"https:\/\/www.facebook.com\/lamaisondelasouque\",\"https:\/\/www.instagram.com\/marianne_rosenberg\"]}]}<\/script>\n<!-- \/ Yoast SEO Premium plugin. -->","yoast_head_json":{"title":"Chambres - La Maison de la Souque","description":"cadre campagnard bucolique. Les chambres confortables sont d\u00e9cor\u00e9es salle d'eau. silence repos. petits coins privatifs jardin fleurs et arbres fruitiers","robots":{"index":"index","follow":"follow","max-snippet":"max-snippet:-1","max-image-preview":"max-image-preview:large","max-video-preview":"max-video-preview:-1"},"canonical":"https:\/\/www.lamaisondelasouque.fr\/index.php\/leschambres\/","og_locale":"fr_FR","og_type":"article","og_title":"Chambres","og_description":"cadre campagnard bucolique. Les chambres confortables sont d\u00e9cor\u00e9es salle d'eau. silence repos. petits coins privatifs jardin fleurs et arbres fruitiers","og_url":"https:\/\/www.lamaisondelasouque.fr\/index.php\/leschambres\/","og_site_name":"La Maison de la Souque","article_publisher":"https:\/\/www.facebook.com\/lamaisondelasouque","article_modified_time":"2017-03-28T17:16:28+00:00","og_image":[{"url":"http:\/\/www.lamaisondelasouque.fr\/wp-content\/uploads\/2017\/03\/Mariann-R.-kamer-1a-optimised.jpg","type":"","width":"","height":""}],"twitter_card":"summary_large_image","twitter_misc":{"Est. reading time":"1 minute"},"schema":{"@context":"https:\/\/schema.org","@graph":[{"@type":"WebPage","@id":"https:\/\/www.lamaisondelasouque.fr\/index.php\/leschambres\/","url":"https:\/\/www.lamaisondelasouque.fr\/index.php\/leschambres\/","name":"Chambres - La Maison de la Souque","isPartOf":{"@id":"https:\/\/www.lamaisondelasouque.fr\/#website"},"primaryImageOfPage":{"@id":"https:\/\/www.lamaisondelasouque.fr\/index.php\/leschambres\/#primaryimage"},"image":{"@id":"https:\/\/www.lamaisondelasouque.fr\/index.php\/leschambres\/#primaryimage"},"thumbnailUrl":"http:\/\/www.lamaisondelasouque.fr\/wp-content\/uploads\/2017\/03\/Mariann-R.-kamer-1a-optimised.jpg","datePublished":"2017-01-03T10:45:24+00:00","dateModified":"2017-03-28T17:16:28+00:00","description":"cadre campagnard bucolique. Les chambres confortables sont d\u00e9cor\u00e9es salle d'eau. silence repos. petits coins privatifs jardin fleurs et arbres fruitiers","breadcrumb":{"@id":"https:\/\/www.lamaisondelasouque.fr\/index.php\/leschambres\/#breadcrumb"},"inLanguage":"fr-FR","potentialAction":[{"@type":"ReadAction","target":["https:\/\/www.lamaisondelasouque.fr\/index.php\/leschambres\/"]}]},{"@type":"ImageObject","inLanguage":"fr-FR","@id":"https:\/\/www.lamaisondelasouque.fr\/index.php\/leschambres\/#primaryimage","url":"http:\/\/www.lamaisondelasouque.fr\/wp-content\/uploads\/2017\/03\/Mariann-R.-kamer-1a-optimised.jpg","contentUrl":"http:\/\/www.lamaisondelasouque.fr\/wp-content\/uploads\/2017\/03\/Mariann-R.-kamer-1a-optimised.jpg"},{"@type":"BreadcrumbList","@id":"https:\/\/www.lamaisondelasouque.fr\/index.php\/leschambres\/#breadcrumb","itemListElement":[{"@type":"ListItem","position":1,"name":"Home","item":"https:\/\/www.lamaisondelasouque.fr\/"},{"@type":"ListItem","position":2,"name":"Chambres"}]},{"@type":"WebSite","@id":"https:\/\/www.lamaisondelasouque.fr\/#website","url":"https:\/\/www.lamaisondelasouque.fr\/","name":"La Maison de la Souque","description":"Maison et table d&#039;h\u00f4tes","publisher":{"@id":"https:\/\/www.lamaisondelasouque.fr\/#organization"},"alternateName":"Franse les in Frankrijk","potentialAction":[{"@type":"SearchAction","target":{"@type":"EntryPoint","urlTemplate":"https:\/\/www.lamaisondelasouque.fr\/?s={search_term_string}"},"query-input":{"@type":"PropertyValueSpecification","valueRequired":true,"valueName":"search_term_string"}}],"inLanguage":"fr-FR"},{"@type":"Organization","@id":"https:\/\/www.lamaisondelasouque.fr\/#organization","name":"La Maison de la Souque","alternateName":"Marianne Rosenberg","url":"https:\/\/www.lamaisondelasouque.fr\/","logo":{"@type":"ImageObject","inLanguage":"fr-FR","@id":"https:\/\/www.lamaisondelasouque.fr\/#\/schema\/logo\/image\/","url":"https:\/\/www.lamaisondelasouque.fr\/wp-content\/uploads\/2017\/10\/maison-drone-aout2017-1024x677.jpg","contentUrl":"https:\/\/www.lamaisondelasouque.fr\/wp-content\/uploads\/2017\/10\/maison-drone-aout2017-1024x677.jpg","width":1024,"height":677,"caption":"La Maison de la Souque"},"image":{"@id":"https:\/\/www.lamaisondelasouque.fr\/#\/schema\/logo\/image\/"},"sameAs":["https:\/\/www.facebook.com\/lamaisondelasouque","https:\/\/www.instagram.com\/marianne_rosenberg"]}]}},"_links":{"self":[{"href":"https:\/\/www.lamaisondelasouque.fr\/index.php\/wp-json\/wp\/v2\/pages\/207","targetHints":{"allow":["GET"]}}],"collection":[{"href":"https:\/\/www.lamaisondelasouque.fr\/index.php\/wp-json\/wp\/v2\/pages"}],"about":[{"href":"https:\/\/www.lamaisondelasouque.fr\/index.php\/wp-json\/wp\/v2\/types\/page"}],"author":[{"embeddable":true,"href":"https:\/\/www.lamaisondelasouque.fr\/index.php\/wp-json\/wp\/v2\/users\/1"}],"replies":[{"embeddable":true,"href":"https:\/\/www.lamaisondelasouque.fr\/index.php\/wp-json\/wp\/v2\/comments?post=207"}],"version-history":[{"count":22,"href":"https:\/\/www.lamaisondelasouque.fr\/index.php\/wp-json\/wp\/v2\/pages\/207\/revisions"}],"predecessor-version":[{"id":691,"href":"https:\/\/www.lamaisondelasouque.fr\/index.php\/wp-json\/wp\/v2\/pages\/207\/revisions\/691"}],"wp:attachment":[{"href":"https:\/\/www.lamaisondelasouque.fr\/index.php\/wp-json\/wp\/v2\/media?parent=207"}],"curies":[{"name":"wp","href":"https:\/\/api.w.org\/{rel}","templated":true}]}}