{"id":2020,"date":"2019-02-03T09:22:15","date_gmt":"2019-02-03T08:22:15","guid":{"rendered":"http:\/\/www.lamaisondelasouque.fr\/?page_id=2020"},"modified":"2020-01-25T15:59:02","modified_gmt":"2020-01-25T14:59:02","slug":"dejeuner-aux-truffes","status":"publish","type":"page","link":"https:\/\/www.lamaisondelasouque.fr\/index.php\/dejeuner-aux-truffes\/","title":{"rendered":""},"content":{"rendered":"<div id=\"pl-2020\"  class=\"panel-layout\" ><div id=\"pg-2020-0\"  class=\"panel-grid panel-has-style\" ><div style=\"padding: 5px 0; \" data-overlay=\"true\" data-overlay-color=\"#000000\" class=\"panel-row-style panel-row-style-for-2020-0\" ><div id=\"pgc-2020-0-0\"  class=\"panel-grid-cell\" ><div id=\"panel-2020-0-0-0\" class=\"so-panel widget widget_sow-editor panel-first-child panel-last-child\" data-index=\"0\" ><div style=\"text-align: left;\" data-title-color=\"#443f3f\" data-headings-color=\"#443f3f\" class=\"panel-widget-style panel-widget-style-for-2020-0-0-0\" ><div\n\t\t\t\n\t\t\tclass=\"so-widget-sow-editor so-widget-sow-editor-base\"\n\t\t\t\n\t\t><h3 class=\"widget-title\">D\u00e9jeuner aux truffes, le 9 f\u00e9vrier 2020, 12.00 h<\/h3>\n<div class=\"siteorigin-widget-tinymce textwidget\">\n\t<p class=\"p1\"><span class=\"s1\">Un d\u00e9jeuner en table d\u2019h\u00f4tes, enti\u00e8rement \u00e0 la truffe vous sera servi. Les vins r\u00e9gionaux de Gaillac accompagneront ce repas d\u00e9di\u00e9 \u00e0 la truffe fra\u00eeche du Quercy. <\/span><\/p>\n<p class=\"p1\"><span class=\"s1\">Canap\u00e9s aux truffes<\/span><\/p>\n<p class=\"p1\"><span class=\"s1\">Brouillade aux truffes<\/span><\/p>\n<p class=\"p1\"><span class=\"s1\">Chou farci au foie gras et truffes\u00a0<\/span><\/p>\n<p class=\"p1\"><span class=\"s1\">Fromage truff\u00e9 et salade<\/span><\/p>\n<p class=\"p1\"><span class=\"s1\">Chocolat et truffes<\/span><\/p>\n<p class=\"p1\"><span class=\"s1\">caf\u00e9\/infusion, mignardise \u00e0 la truffe<\/span><\/p>\n<p class=\"p1\"><span class=\"s1\">Les co\u00fbts: \u20ac 65,- par personne, les vins gaillacois biologiques inclus. R\u00e9servation recommand\u00e9e, places limit\u00e9es!<\/span><\/p>\n<p class=\"p1\"><span class=\"s1\">Plus d\u2019information ou r\u00e9servation: portable: 0631379049, mail: <a href=\"mailto:info@lamaisondelasouque.fr\"><span class=\"s2\">info@lamaisondelasouque.fr<\/span><\/a><\/span><\/p>\n<\/div>\n<\/div><\/div><\/div><\/div><div id=\"pgc-2020-0-1\"  class=\"panel-grid-cell\" ><div id=\"panel-2020-0-1-0\" class=\"so-panel widget widget_sow-image panel-first-child panel-last-child\" data-index=\"1\" ><div style=\"text-align: left;\" data-title-color=\"#443f3f\" data-headings-color=\"#443f3f\" class=\"panel-widget-style panel-widget-style-for-2020-0-1-0\" ><div\n\t\t\t\n\t\t\tclass=\"so-widget-sow-image so-widget-sow-image-default-c67d20f9f743-2020\"\n\t\t\t\n\t\t>\n<div class=\"sow-image-container\">\n\t\t<img fetchpriority=\"high\" \n\tsrc=\"https:\/\/www.lamaisondelasouque.fr\/wp-content\/uploads\/2020\/01\/eieren-truffes2-550x400.jpg\" width=\"550\" height=\"400\" sizes=\"(max-width: 550px) 100vw, 550px\" alt=\"brouillade aux truffes\" \t\tclass=\"so-widget-image\"\/>\n\t<\/div>\n\n<\/div><\/div><\/div><\/div><\/div><\/div><div id=\"pg-2020-1\"  class=\"panel-grid panel-has-style\" ><div style=\"padding: 100px 0; \" data-overlay=\"true\" data-overlay-color=\"#000000\" class=\"panel-row-style panel-row-style-for-2020-1\" ><div id=\"pgc-2020-1-0\"  class=\"panel-grid-cell\" ><div id=\"panel-2020-1-0-0\" class=\"so-panel widget widget_sow-image panel-first-child panel-last-child\" data-index=\"2\" ><div style=\"text-align: left;\" data-title-color=\"#443f3f\" data-headings-color=\"#443f3f\" class=\"panel-widget-style panel-widget-style-for-2020-1-0-0\" ><div\n\t\t\t\n\t\t\tclass=\"so-widget-sow-image so-widget-sow-image-default-8b5b6f678277-2020\"\n\t\t\t\n\t\t>\n<div class=\"sow-image-container\">\n\t\t<img \n\tsrc=\"https:\/\/www.lamaisondelasouque.fr\/wp-content\/uploads\/2020\/01\/truffes-1024x765.jpg\" width=\"1024\" height=\"765\" srcset=\"https:\/\/www.lamaisondelasouque.fr\/wp-content\/uploads\/2020\/01\/truffes-1024x765.jpg 1024w, https:\/\/www.lamaisondelasouque.fr\/wp-content\/uploads\/2020\/01\/truffes-300x224.jpg 300w, https:\/\/www.lamaisondelasouque.fr\/wp-content\/uploads\/2020\/01\/truffes-768x574.jpg 768w, https:\/\/www.lamaisondelasouque.fr\/wp-content\/uploads\/2020\/01\/truffes-1536x1148.jpg 1536w, https:\/\/www.lamaisondelasouque.fr\/wp-content\/uploads\/2020\/01\/truffes-500x375.jpg 500w, https:\/\/www.lamaisondelasouque.fr\/wp-content\/uploads\/2020\/01\/truffes-830x620.jpg 830w, https:\/\/www.lamaisondelasouque.fr\/wp-content\/uploads\/2020\/01\/truffes-230x172.jpg 230w, https:\/\/www.lamaisondelasouque.fr\/wp-content\/uploads\/2020\/01\/truffes-350x262.jpg 350w, https:\/\/www.lamaisondelasouque.fr\/wp-content\/uploads\/2020\/01\/truffes-480x359.jpg 480w, https:\/\/www.lamaisondelasouque.fr\/wp-content\/uploads\/2020\/01\/truffes.jpg 1987w\" sizes=\"(max-width: 1024px) 100vw, 1024px\" alt=\"oeufs au plat truffes\" \t\tclass=\"so-widget-image\"\/>\n\t<\/div>\n\n<\/div><\/div><\/div><\/div><\/div><\/div><\/div>","protected":false},"excerpt":{"rendered":"<p>Un d\u00e9jeuner en table d\u2019h\u00f4tes, enti\u00e8rement \u00e0 la truffe vous sera servi. Les vins r\u00e9gionaux de Gaillac accompagneront ce repas d\u00e9di\u00e9 \u00e0 la truffe fra\u00eeche du Quercy. Canap\u00e9s aux truffes Brouillade aux truffes Chou farci au foie gras et truffes\u00a0 Fromage truff\u00e9 et salade Chocolat et truffes caf\u00e9\/infusion, mignardise \u00e0 la truffe Les co\u00fbts: \u20ac [&hellip;]<\/p>\n","protected":false},"author":1,"featured_media":0,"parent":0,"menu_order":0,"comment_status":"closed","ping_status":"closed","template":"page-templates\/page_fullwidth.php","meta":{"_lmt_disableupdate":"","_lmt_disable":"","_monsterinsights_skip_tracking":false,"_monsterinsights_sitenote_active":false,"_monsterinsights_sitenote_note":"","_monsterinsights_sitenote_category":0,"_uf_show_specific_survey":0,"_uf_disable_surveys":false,"footnotes":""},"class_list":["post-2020","page","type-page","status-publish","hentry"],"yoast_head":"<!-- This site is optimized with the Yoast SEO Premium plugin v27.2 (Yoast SEO v27.2) - https:\/\/yoast.com\/product\/yoast-seo-premium-wordpress\/ -->\n<title>- La Maison de la Souque<\/title>\n<meta name=\"description\" content=\"D\u00e9jeuner aux truffes, le 9 f\u00e9vrier 2020, 12.00 h. Canap\u00e9s aux truffes, Brouillade aux truffes, chou farci au foie gras et truffes, fromage truff\u00e9\" \/>\n<meta name=\"robots\" content=\"index, follow, max-snippet:-1, max-image-preview:large, max-video-preview:-1\" \/>\n<link rel=\"canonical\" href=\"https:\/\/www.lamaisondelasouque.fr\/index.php\/dejeuner-aux-truffes\/\" \/>\n<meta property=\"og:locale\" content=\"fr_FR\" \/>\n<meta property=\"og:type\" content=\"article\" \/>\n<meta property=\"og:description\" content=\"D\u00e9jeuner aux truffes, le 9 f\u00e9vrier 2020, 12.00 h. Canap\u00e9s aux truffes, Brouillade aux truffes, chou farci au foie gras et truffes, fromage truff\u00e9\" \/>\n<meta property=\"og:url\" content=\"https:\/\/www.lamaisondelasouque.fr\/index.php\/dejeuner-aux-truffes\/\" \/>\n<meta property=\"og:site_name\" content=\"La Maison de la Souque\" \/>\n<meta property=\"article:publisher\" content=\"https:\/\/www.facebook.com\/lamaisondelasouque\" \/>\n<meta property=\"article:modified_time\" content=\"2020-01-25T14:59:02+00:00\" \/>\n<meta name=\"twitter:card\" content=\"summary_large_image\" \/>\n<meta name=\"twitter:label1\" content=\"Est. reading time\" \/>\n\t<meta name=\"twitter:data1\" content=\"1 minute\" \/>\n<script type=\"application\/ld+json\" class=\"yoast-schema-graph\">{\"@context\":\"https:\/\/schema.org\",\"@graph\":[{\"@type\":\"WebPage\",\"@id\":\"https:\/\/www.lamaisondelasouque.fr\/index.php\/dejeuner-aux-truffes\/\",\"url\":\"https:\/\/www.lamaisondelasouque.fr\/index.php\/dejeuner-aux-truffes\/\",\"name\":\"- La Maison de la Souque\",\"isPartOf\":{\"@id\":\"https:\/\/www.lamaisondelasouque.fr\/#website\"},\"datePublished\":\"2019-02-03T08:22:15+00:00\",\"dateModified\":\"2020-01-25T14:59:02+00:00\",\"description\":\"D\u00e9jeuner aux truffes, le 9 f\u00e9vrier 2020, 12.00 h. Canap\u00e9s aux truffes, Brouillade aux truffes, chou farci au foie gras et truffes, fromage truff\u00e9\",\"inLanguage\":\"fr-FR\",\"potentialAction\":[{\"@type\":\"ReadAction\",\"target\":[\"https:\/\/www.lamaisondelasouque.fr\/index.php\/dejeuner-aux-truffes\/\"]}]},{\"@type\":\"WebSite\",\"@id\":\"https:\/\/www.lamaisondelasouque.fr\/#website\",\"url\":\"https:\/\/www.lamaisondelasouque.fr\/\",\"name\":\"La Maison de la Souque\",\"description\":\"Maison et table d&#039;h\u00f4tes\",\"publisher\":{\"@id\":\"https:\/\/www.lamaisondelasouque.fr\/#organization\"},\"alternateName\":\"Franse les in Frankrijk\",\"potentialAction\":[{\"@type\":\"SearchAction\",\"target\":{\"@type\":\"EntryPoint\",\"urlTemplate\":\"https:\/\/www.lamaisondelasouque.fr\/?s={search_term_string}\"},\"query-input\":{\"@type\":\"PropertyValueSpecification\",\"valueRequired\":true,\"valueName\":\"search_term_string\"}}],\"inLanguage\":\"fr-FR\"},{\"@type\":\"Organization\",\"@id\":\"https:\/\/www.lamaisondelasouque.fr\/#organization\",\"name\":\"La Maison de la Souque\",\"alternateName\":\"Marianne Rosenberg\",\"url\":\"https:\/\/www.lamaisondelasouque.fr\/\",\"logo\":{\"@type\":\"ImageObject\",\"inLanguage\":\"fr-FR\",\"@id\":\"https:\/\/www.lamaisondelasouque.fr\/#\/schema\/logo\/image\/\",\"url\":\"https:\/\/www.lamaisondelasouque.fr\/wp-content\/uploads\/2017\/10\/maison-drone-aout2017-1024x677.jpg\",\"contentUrl\":\"https:\/\/www.lamaisondelasouque.fr\/wp-content\/uploads\/2017\/10\/maison-drone-aout2017-1024x677.jpg\",\"width\":1024,\"height\":677,\"caption\":\"La Maison de la Souque\"},\"image\":{\"@id\":\"https:\/\/www.lamaisondelasouque.fr\/#\/schema\/logo\/image\/\"},\"sameAs\":[\"https:\/\/www.facebook.com\/lamaisondelasouque\",\"https:\/\/www.instagram.com\/marianne_rosenberg\"]}]}<\/script>\n<!-- \/ Yoast SEO Premium plugin. -->","yoast_head_json":{"title":"- La Maison de la Souque","description":"D\u00e9jeuner aux truffes, le 9 f\u00e9vrier 2020, 12.00 h. Canap\u00e9s aux truffes, Brouillade aux truffes, chou farci au foie gras et truffes, fromage truff\u00e9","robots":{"index":"index","follow":"follow","max-snippet":"max-snippet:-1","max-image-preview":"max-image-preview:large","max-video-preview":"max-video-preview:-1"},"canonical":"https:\/\/www.lamaisondelasouque.fr\/index.php\/dejeuner-aux-truffes\/","og_locale":"fr_FR","og_type":"article","og_description":"D\u00e9jeuner aux truffes, le 9 f\u00e9vrier 2020, 12.00 h. Canap\u00e9s aux truffes, Brouillade aux truffes, chou farci au foie gras et truffes, fromage truff\u00e9","og_url":"https:\/\/www.lamaisondelasouque.fr\/index.php\/dejeuner-aux-truffes\/","og_site_name":"La Maison de la Souque","article_publisher":"https:\/\/www.facebook.com\/lamaisondelasouque","article_modified_time":"2020-01-25T14:59:02+00:00","twitter_card":"summary_large_image","twitter_misc":{"Est. reading time":"1 minute"},"schema":{"@context":"https:\/\/schema.org","@graph":[{"@type":"WebPage","@id":"https:\/\/www.lamaisondelasouque.fr\/index.php\/dejeuner-aux-truffes\/","url":"https:\/\/www.lamaisondelasouque.fr\/index.php\/dejeuner-aux-truffes\/","name":"- La Maison de la Souque","isPartOf":{"@id":"https:\/\/www.lamaisondelasouque.fr\/#website"},"datePublished":"2019-02-03T08:22:15+00:00","dateModified":"2020-01-25T14:59:02+00:00","description":"D\u00e9jeuner aux truffes, le 9 f\u00e9vrier 2020, 12.00 h. Canap\u00e9s aux truffes, Brouillade aux truffes, chou farci au foie gras et truffes, fromage truff\u00e9","inLanguage":"fr-FR","potentialAction":[{"@type":"ReadAction","target":["https:\/\/www.lamaisondelasouque.fr\/index.php\/dejeuner-aux-truffes\/"]}]},{"@type":"WebSite","@id":"https:\/\/www.lamaisondelasouque.fr\/#website","url":"https:\/\/www.lamaisondelasouque.fr\/","name":"La Maison de la Souque","description":"Maison et table d&#039;h\u00f4tes","publisher":{"@id":"https:\/\/www.lamaisondelasouque.fr\/#organization"},"alternateName":"Franse les in Frankrijk","potentialAction":[{"@type":"SearchAction","target":{"@type":"EntryPoint","urlTemplate":"https:\/\/www.lamaisondelasouque.fr\/?s={search_term_string}"},"query-input":{"@type":"PropertyValueSpecification","valueRequired":true,"valueName":"search_term_string"}}],"inLanguage":"fr-FR"},{"@type":"Organization","@id":"https:\/\/www.lamaisondelasouque.fr\/#organization","name":"La Maison de la Souque","alternateName":"Marianne Rosenberg","url":"https:\/\/www.lamaisondelasouque.fr\/","logo":{"@type":"ImageObject","inLanguage":"fr-FR","@id":"https:\/\/www.lamaisondelasouque.fr\/#\/schema\/logo\/image\/","url":"https:\/\/www.lamaisondelasouque.fr\/wp-content\/uploads\/2017\/10\/maison-drone-aout2017-1024x677.jpg","contentUrl":"https:\/\/www.lamaisondelasouque.fr\/wp-content\/uploads\/2017\/10\/maison-drone-aout2017-1024x677.jpg","width":1024,"height":677,"caption":"La Maison de la Souque"},"image":{"@id":"https:\/\/www.lamaisondelasouque.fr\/#\/schema\/logo\/image\/"},"sameAs":["https:\/\/www.facebook.com\/lamaisondelasouque","https:\/\/www.instagram.com\/marianne_rosenberg"]}]}},"_links":{"self":[{"href":"https:\/\/www.lamaisondelasouque.fr\/index.php\/wp-json\/wp\/v2\/pages\/2020","targetHints":{"allow":["GET"]}}],"collection":[{"href":"https:\/\/www.lamaisondelasouque.fr\/index.php\/wp-json\/wp\/v2\/pages"}],"about":[{"href":"https:\/\/www.lamaisondelasouque.fr\/index.php\/wp-json\/wp\/v2\/types\/page"}],"author":[{"embeddable":true,"href":"https:\/\/www.lamaisondelasouque.fr\/index.php\/wp-json\/wp\/v2\/users\/1"}],"replies":[{"embeddable":true,"href":"https:\/\/www.lamaisondelasouque.fr\/index.php\/wp-json\/wp\/v2\/comments?post=2020"}],"version-history":[{"count":49,"href":"https:\/\/www.lamaisondelasouque.fr\/index.php\/wp-json\/wp\/v2\/pages\/2020\/revisions"}],"predecessor-version":[{"id":2106,"href":"https:\/\/www.lamaisondelasouque.fr\/index.php\/wp-json\/wp\/v2\/pages\/2020\/revisions\/2106"}],"wp:attachment":[{"href":"https:\/\/www.lamaisondelasouque.fr\/index.php\/wp-json\/wp\/v2\/media?parent=2020"}],"curies":[{"name":"wp","href":"https:\/\/api.w.org\/{rel}","templated":true}]}}