{"id":158,"date":"2017-01-02T15:14:38","date_gmt":"2017-01-02T14:14:38","guid":{"rendered":"http:\/\/www.lamaisondelasouque.fr\/?page_id=158"},"modified":"2023-02-22T09:59:11","modified_gmt":"2023-02-22T08:59:11","slug":"maison-de-charme","status":"publish","type":"page","link":"https:\/\/www.lamaisondelasouque.fr\/index.php\/maison-de-charme\/","title":{"rendered":"Maison"},"content":{"rendered":"<div id=\"pl-158\"  class=\"panel-layout\" ><div id=\"pg-158-0\"  class=\"panel-grid panel-has-style\" ><div style=\"padding: 20px 0; \" data-overlay=\"true\" data-overlay-color=\"#000000\" class=\"panel-row-style panel-row-style-for-158-0\" ><div id=\"pgc-158-0-0\"  class=\"panel-grid-cell\" ><div id=\"panel-158-0-0-0\" class=\"so-panel widget widget_sow-editor panel-first-child panel-last-child\" data-index=\"0\" ><div style=\"text-align: left;\" data-title-color=\"#443f3f\" data-headings-color=\"#443f3f\" class=\"panel-widget-style panel-widget-style-for-158-0-0-0\" ><div\n\t\t\t\n\t\t\tclass=\"so-widget-sow-editor so-widget-sow-editor-base\"\n\t\t\t\n\t\t>\n<div class=\"siteorigin-widget-tinymce textwidget\">\n\t<\/div>\n<\/div><\/div><\/div><\/div><\/div><\/div><div id=\"pg-158-1\"  class=\"panel-grid panel-has-style\" ><div style=\"padding: 20px 0; \" data-overlay=\"true\" data-overlay-color=\"#000000\" class=\"panel-row-style panel-row-style-for-158-1\" ><div id=\"pgc-158-1-0\"  class=\"panel-grid-cell\" ><div id=\"panel-158-1-0-0\" class=\"so-panel widget widget_sow-editor panel-first-child panel-last-child\" data-index=\"1\" ><div style=\"text-align: left;\" data-title-color=\"#443f3f\" data-headings-color=\"#443f3f\" class=\"panel-widget-style panel-widget-style-for-158-1-0-0\" ><div\n\t\t\t\n\t\t\tclass=\"so-widget-sow-editor so-widget-sow-editor-base\"\n\t\t\t\n\t\t><h3 class=\"widget-title\">A la Maison de la Souque<\/h3>\n<div class=\"siteorigin-widget-tinymce textwidget\">\n\t<\/div>\n<\/div><\/div><\/div><\/div><\/div><\/div><div id=\"pg-158-2\"  class=\"panel-grid panel-has-style\" ><div style=\"padding: 20px 0; \" data-overlay=\"true\" data-overlay-color=\"#000000\" class=\"panel-row-style panel-row-style-for-158-2\" ><div id=\"pgc-158-2-0\"  class=\"panel-grid-cell\" ><div id=\"panel-158-2-0-0\" class=\"so-panel widget widget_sow-editor panel-first-child panel-last-child\" data-index=\"2\" ><div style=\"text-align: left;\" data-title-color=\"#443f3f\" data-headings-color=\"#443f3f\" class=\"panel-widget-style panel-widget-style-for-158-2-0-0\" ><div\n\t\t\t\n\t\t\tclass=\"so-widget-sow-editor so-widget-sow-editor-base\"\n\t\t\t\n\t\t>\n<div class=\"siteorigin-widget-tinymce textwidget\">\n\t<p class=\"p1\"><span class=\"s1\">La maison d'h\u00f4tes \u2018La Maison de la Souque\u2019, est situ\u00e9e \u00e0 2 minutes du village de Mirandol-Bourgnounac et en plus, se trouve dans le triangle touristique d\u2019Albi, Cordes et Villefranche de Rouergue. Marianne vous accueille dans sa ferme de charme de 1896 enti\u00e8rement renov\u00e9e offrant 3 chambres de charme.<\/span><\/p>\n<p class=\"p1\"><span class=\"s1\">Durant votre s\u00e9jour, le grand salon est \u00e0 votre disposition avec son po\u00eale chauffant pendant les soir\u00e9es un peu plus fra\u00eeches. Vous pouvez vous perdre dans la vaste collection de livres de cuisine que Marianne a collectionn\u00e9s et qu\u2019elle utilise pour s\u2019inspirer \u00e0 pr\u00e9parer des plats pour\u00a0la table d\u2019h\u00f4tes. <\/span><\/p>\n<p class=\"p1\">\u00a0<\/p>\n<p>\u00a0<\/p>\n<\/div>\n<\/div><\/div><\/div><\/div><div id=\"pgc-158-2-1\"  class=\"panel-grid-cell\" ><div id=\"panel-158-2-1-0\" class=\"so-panel widget widget_sow-editor panel-first-child panel-last-child\" data-index=\"3\" ><div style=\"text-align: left;\" data-title-color=\"#443f3f\" data-headings-color=\"#443f3f\" class=\"panel-widget-style panel-widget-style-for-158-2-1-0\" ><div\n\t\t\t\n\t\t\tclass=\"so-widget-sow-editor so-widget-sow-editor-base\"\n\t\t\t\n\t\t>\n<div class=\"siteorigin-widget-tinymce textwidget\">\n\t<p class=\"p1\"><span class=\"s1\">Et surtout pendant les beaux jours, profitez du jardin entour\u00e9 de ch\u00eanes et fruitiers et du calme des pr\u00e9s. Allongez sur des chaises-longues et laissez-vous aller par la vie tranquille tarnaise.<\/span><\/p>\n<p class=\"p1\"><span class=\"s1\">Marianne vous convie a sa table d'h\u00f4tes dans sa grande cuisine, sur la terrasse, \u00e0 c\u00f4t\u00e9 d\u2019un olivier centenaire ou sous la pergola o\u00f9 le soleil va se coucher.<\/span><\/p>\n<\/div>\n<\/div><\/div><\/div><\/div><\/div><\/div><div id=\"pg-158-3\"  class=\"panel-grid panel-has-style\" ><div style=\"padding: 20px 0; \" data-overlay=\"true\" data-overlay-color=\"#000000\" class=\"panel-row-style panel-row-style-for-158-3\" ><div id=\"pgc-158-3-0\"  class=\"panel-grid-cell\" ><div id=\"panel-158-3-0-0\" class=\"so-panel widget widget_sow-image panel-first-child panel-last-child\" data-index=\"4\" ><div style=\"text-align: left;\" data-title-color=\"#443f3f\" data-headings-color=\"#443f3f\" class=\"panel-widget-style panel-widget-style-for-158-3-0-0\" ><div\n\t\t\t\n\t\t\tclass=\"so-widget-sow-image so-widget-sow-image-default-8b5b6f678277-158\"\n\t\t\t\n\t\t>\n<div class=\"sow-image-container\">\n\t\t<img fetchpriority=\"high\" \n\tsrc=\"https:\/\/www.lamaisondelasouque.fr\/wp-content\/uploads\/2017\/03\/Marianne-Rosenberg-1-1-optimised.jpg\" width=\"1920\" height=\"1078\" srcset=\"https:\/\/www.lamaisondelasouque.fr\/wp-content\/uploads\/2017\/03\/Marianne-Rosenberg-1-1-optimised.jpg 1920w, https:\/\/www.lamaisondelasouque.fr\/wp-content\/uploads\/2017\/03\/Marianne-Rosenberg-1-1-optimised-300x168.jpg 300w, https:\/\/www.lamaisondelasouque.fr\/wp-content\/uploads\/2017\/03\/Marianne-Rosenberg-1-1-optimised-768x431.jpg 768w, https:\/\/www.lamaisondelasouque.fr\/wp-content\/uploads\/2017\/03\/Marianne-Rosenberg-1-1-optimised-1024x575.jpg 1024w, https:\/\/www.lamaisondelasouque.fr\/wp-content\/uploads\/2017\/03\/Marianne-Rosenberg-1-1-optimised-830x466.jpg 830w, https:\/\/www.lamaisondelasouque.fr\/wp-content\/uploads\/2017\/03\/Marianne-Rosenberg-1-1-optimised-230x129.jpg 230w, https:\/\/www.lamaisondelasouque.fr\/wp-content\/uploads\/2017\/03\/Marianne-Rosenberg-1-1-optimised-350x197.jpg 350w, https:\/\/www.lamaisondelasouque.fr\/wp-content\/uploads\/2017\/03\/Marianne-Rosenberg-1-1-optimised-480x270.jpg 480w\" sizes=\"(max-width: 1920px) 100vw, 1920px\" title=\"La Maison de la Souque\" alt=\"Maison d&#039;hotes Tarn\" \t\tclass=\"so-widget-image\"\/>\n\t<\/div>\n\n<\/div><\/div><\/div><\/div><div id=\"pgc-158-3-1\"  class=\"panel-grid-cell\" ><div id=\"panel-158-3-1-0\" class=\"so-panel widget widget_sow-image panel-first-child panel-last-child\" data-index=\"5\" ><div style=\"text-align: left;\" data-title-color=\"#443f3f\" data-headings-color=\"#443f3f\" class=\"panel-widget-style panel-widget-style-for-158-3-1-0\" ><div\n\t\t\t\n\t\t\tclass=\"so-widget-sow-image so-widget-sow-image-default-8b5b6f678277-158\"\n\t\t\t\n\t\t>\n<div class=\"sow-image-container\">\n\t\t<img \n\tsrc=\"https:\/\/www.lamaisondelasouque.fr\/wp-content\/uploads\/2017\/03\/cuisine-avec-la-porte-verte-optimised-1.jpg\" width=\"1920\" height=\"1280\" srcset=\"https:\/\/www.lamaisondelasouque.fr\/wp-content\/uploads\/2017\/03\/cuisine-avec-la-porte-verte-optimised-1.jpg 1920w, https:\/\/www.lamaisondelasouque.fr\/wp-content\/uploads\/2017\/03\/cuisine-avec-la-porte-verte-optimised-1-300x200.jpg 300w, https:\/\/www.lamaisondelasouque.fr\/wp-content\/uploads\/2017\/03\/cuisine-avec-la-porte-verte-optimised-1-768x512.jpg 768w, https:\/\/www.lamaisondelasouque.fr\/wp-content\/uploads\/2017\/03\/cuisine-avec-la-porte-verte-optimised-1-1024x683.jpg 1024w, https:\/\/www.lamaisondelasouque.fr\/wp-content\/uploads\/2017\/03\/cuisine-avec-la-porte-verte-optimised-1-830x553.jpg 830w, https:\/\/www.lamaisondelasouque.fr\/wp-content\/uploads\/2017\/03\/cuisine-avec-la-porte-verte-optimised-1-230x153.jpg 230w, https:\/\/www.lamaisondelasouque.fr\/wp-content\/uploads\/2017\/03\/cuisine-avec-la-porte-verte-optimised-1-350x233.jpg 350w, https:\/\/www.lamaisondelasouque.fr\/wp-content\/uploads\/2017\/03\/cuisine-avec-la-porte-verte-optimised-1-480x320.jpg 480w, https:\/\/www.lamaisondelasouque.fr\/wp-content\/uploads\/2017\/03\/cuisine-avec-la-porte-verte-optimised-1-272x182.jpg 272w\" sizes=\"(max-width: 1920px) 100vw, 1920px\" title=\"cuisine La Maison de la Souque\" alt=\"Maison d&#039;hotes Tarn Aveyron\" \t\tclass=\"so-widget-image\"\/>\n\t<\/div>\n\n<\/div><\/div><\/div><\/div><\/div><\/div><div id=\"pg-158-4\"  class=\"panel-grid panel-has-style\" ><div style=\"padding: 20px 0; \" data-overlay=\"true\" data-overlay-color=\"#000000\" class=\"panel-row-style panel-row-style-for-158-4\" ><div id=\"pgc-158-4-0\"  class=\"panel-grid-cell\" ><div id=\"panel-158-4-0-0\" class=\"so-panel widget widget_sow-image panel-first-child panel-last-child\" data-index=\"6\" ><div style=\"text-align: left;\" data-title-color=\"#443f3f\" data-headings-color=\"#443f3f\" class=\"panel-widget-style panel-widget-style-for-158-4-0-0\" ><div\n\t\t\t\n\t\t\tclass=\"so-widget-sow-image so-widget-sow-image-default-8b5b6f678277-158\"\n\t\t\t\n\t\t>\n<div class=\"sow-image-container\">\n\t\t<img \n\tsrc=\"https:\/\/www.lamaisondelasouque.fr\/wp-content\/uploads\/2017\/03\/Mariann-R.-keuken-1-optimised.jpg\" width=\"1920\" height=\"1280\" srcset=\"https:\/\/www.lamaisondelasouque.fr\/wp-content\/uploads\/2017\/03\/Mariann-R.-keuken-1-optimised.jpg 1920w, https:\/\/www.lamaisondelasouque.fr\/wp-content\/uploads\/2017\/03\/Mariann-R.-keuken-1-optimised-300x200.jpg 300w, https:\/\/www.lamaisondelasouque.fr\/wp-content\/uploads\/2017\/03\/Mariann-R.-keuken-1-optimised-768x512.jpg 768w, https:\/\/www.lamaisondelasouque.fr\/wp-content\/uploads\/2017\/03\/Mariann-R.-keuken-1-optimised-1024x683.jpg 1024w, https:\/\/www.lamaisondelasouque.fr\/wp-content\/uploads\/2017\/03\/Mariann-R.-keuken-1-optimised-830x553.jpg 830w, https:\/\/www.lamaisondelasouque.fr\/wp-content\/uploads\/2017\/03\/Mariann-R.-keuken-1-optimised-230x153.jpg 230w, https:\/\/www.lamaisondelasouque.fr\/wp-content\/uploads\/2017\/03\/Mariann-R.-keuken-1-optimised-350x233.jpg 350w, https:\/\/www.lamaisondelasouque.fr\/wp-content\/uploads\/2017\/03\/Mariann-R.-keuken-1-optimised-480x320.jpg 480w, https:\/\/www.lamaisondelasouque.fr\/wp-content\/uploads\/2017\/03\/Mariann-R.-keuken-1-optimised-272x182.jpg 272w\" sizes=\"(max-width: 1920px) 100vw, 1920px\" title=\"cuisine La Maison de la Souque\" alt=\"cuisine cours cuisine Albi Cordes\" \t\tclass=\"so-widget-image\"\/>\n\t<\/div>\n\n<\/div><\/div><\/div><\/div><div id=\"pgc-158-4-1\"  class=\"panel-grid-cell\" ><div id=\"panel-158-4-1-0\" class=\"so-panel widget widget_sow-image panel-first-child panel-last-child\" data-index=\"7\" ><div style=\"text-align: left;\" data-title-color=\"#443f3f\" data-headings-color=\"#443f3f\" class=\"panel-widget-style panel-widget-style-for-158-4-1-0\" ><div\n\t\t\t\n\t\t\tclass=\"so-widget-sow-image so-widget-sow-image-default-8b5b6f678277-158\"\n\t\t\t\n\t\t>\n<div class=\"sow-image-container\">\n\t\t<img loading=\"lazy\" \n\tsrc=\"https:\/\/www.lamaisondelasouque.fr\/wp-content\/uploads\/2017\/03\/Kamer-2-optimised.jpg\" width=\"640\" height=\"423\" srcset=\"https:\/\/www.lamaisondelasouque.fr\/wp-content\/uploads\/2017\/03\/Kamer-2-optimised.jpg 640w, https:\/\/www.lamaisondelasouque.fr\/wp-content\/uploads\/2017\/03\/Kamer-2-optimised-300x198.jpg 300w, https:\/\/www.lamaisondelasouque.fr\/wp-content\/uploads\/2017\/03\/Kamer-2-optimised-230x152.jpg 230w, https:\/\/www.lamaisondelasouque.fr\/wp-content\/uploads\/2017\/03\/Kamer-2-optimised-350x231.jpg 350w, https:\/\/www.lamaisondelasouque.fr\/wp-content\/uploads\/2017\/03\/Kamer-2-optimised-480x317.jpg 480w\" sizes=\"(max-width: 640px) 100vw, 640px\" title=\"salon La Maison de la Souque\" alt=\"Maison d&#039;hotes Tarn Aveyron\" \t\tclass=\"so-widget-image\"\/>\n\t<\/div>\n\n<\/div><\/div><\/div><\/div><\/div><\/div><div id=\"pg-158-5\"  class=\"panel-grid panel-has-style\" ><div style=\"padding: 100px 0; \" data-overlay=\"true\" data-overlay-color=\"#000000\" class=\"panel-row-style panel-row-style-for-158-5\" ><div id=\"pgc-158-5-0\"  class=\"panel-grid-cell\" ><div id=\"panel-158-5-0-0\" class=\"so-panel widget widget_sow-editor panel-first-child panel-last-child\" data-index=\"8\" ><div style=\"text-align: left;\" data-title-color=\"#443f3f\" data-headings-color=\"#443f3f\" class=\"panel-widget-style panel-widget-style-for-158-5-0-0\" ><div\n\t\t\t\n\t\t\tclass=\"so-widget-sow-editor so-widget-sow-editor-base\"\n\t\t\t\n\t\t>\n<div class=\"siteorigin-widget-tinymce textwidget\">\n\t<p>Remerciements \u00e0\u00a0<span class=\"s1\"><span class=\"s2\"><a href=\"http:\/\/www.hansheus.com\">Hans Heus<\/a>\u00a0pour ses photos.<\/span><\/span><\/p>\n<\/div>\n<\/div><\/div><\/div><\/div><\/div><\/div><\/div>","protected":false},"excerpt":{"rendered":"<p>A la Maison de la Souque La maison d&#8217;h\u00f4tes \u2018La Maison de la Souque\u2019, est situ\u00e9e \u00e0 2 minutes du village de Mirandol-Bourgnounac et en plus, se trouve dans le triangle touristique d\u2019Albi, Cordes et Villefranche de Rouergue. Marianne vous accueille dans sa ferme de charme de 1896 enti\u00e8rement renov\u00e9e offrant 3 chambres de charme. [&hellip;]<\/p>\n","protected":false},"author":1,"featured_media":0,"parent":0,"menu_order":0,"comment_status":"closed","ping_status":"closed","template":"page-templates\/page_front-page.php","meta":{"_lmt_disableupdate":"","_lmt_disable":"","_monsterinsights_skip_tracking":false,"_monsterinsights_sitenote_active":false,"_monsterinsights_sitenote_note":"","_monsterinsights_sitenote_category":0,"_uf_show_specific_survey":0,"_uf_disable_surveys":false,"footnotes":""},"class_list":["post-158","page","type-page","status-publish","hentry"],"yoast_head":"<!-- This site is optimized with the Yoast SEO Premium plugin v27.2 (Yoast SEO v27.2) - https:\/\/yoast.com\/product\/yoast-seo-premium-wordpress\/ -->\n<title>Maison - La Maison de la Souque<\/title>\n<meta name=\"description\" content=\"La maison d&#039;h\u00f4tes \u2018La Maison de la Souque\u2019, \u00e0 Mirandol-Bourgnounac, dans le triangle touristique d\u2019Albi, Cordes et Villefranche de Rouergue.\" \/>\n<meta name=\"robots\" content=\"index, follow, max-snippet:-1, max-image-preview:large, max-video-preview:-1\" \/>\n<link rel=\"canonical\" href=\"https:\/\/www.lamaisondelasouque.fr\/index.php\/maison-de-charme\/\" \/>\n<meta property=\"og:locale\" content=\"fr_FR\" \/>\n<meta property=\"og:type\" content=\"article\" \/>\n<meta property=\"og:title\" content=\"Maison\" \/>\n<meta property=\"og:description\" content=\"La maison d&#039;h\u00f4tes \u2018La Maison de la Souque\u2019, \u00e0 Mirandol-Bourgnounac, dans le triangle touristique d\u2019Albi, Cordes et Villefranche de Rouergue.\" \/>\n<meta property=\"og:url\" content=\"https:\/\/www.lamaisondelasouque.fr\/index.php\/maison-de-charme\/\" \/>\n<meta property=\"og:site_name\" content=\"La Maison de la Souque\" \/>\n<meta property=\"article:publisher\" content=\"https:\/\/www.facebook.com\/lamaisondelasouque\" \/>\n<meta property=\"article:modified_time\" content=\"2023-02-22T08:59:11+00:00\" \/>\n<meta property=\"og:image\" content=\"http:\/\/www.lamaisondelasouque.fr\/wp-content\/uploads\/2017\/03\/Marianne-Rosenberg-1-1-optimised.jpg\" \/>\n<meta name=\"twitter:card\" content=\"summary_large_image\" \/>\n<meta name=\"twitter:label1\" content=\"Est. reading time\" \/>\n\t<meta name=\"twitter:data1\" content=\"2 minutes\" \/>\n<script type=\"application\/ld+json\" class=\"yoast-schema-graph\">{\"@context\":\"https:\/\/schema.org\",\"@graph\":[{\"@type\":\"WebPage\",\"@id\":\"https:\/\/www.lamaisondelasouque.fr\/index.php\/maison-de-charme\/\",\"url\":\"https:\/\/www.lamaisondelasouque.fr\/index.php\/maison-de-charme\/\",\"name\":\"Maison - La Maison de la Souque\",\"isPartOf\":{\"@id\":\"https:\/\/www.lamaisondelasouque.fr\/#website\"},\"primaryImageOfPage\":{\"@id\":\"https:\/\/www.lamaisondelasouque.fr\/index.php\/maison-de-charme\/#primaryimage\"},\"image\":{\"@id\":\"https:\/\/www.lamaisondelasouque.fr\/index.php\/maison-de-charme\/#primaryimage\"},\"thumbnailUrl\":\"http:\/\/www.lamaisondelasouque.fr\/wp-content\/uploads\/2017\/03\/Marianne-Rosenberg-1-1-optimised.jpg\",\"datePublished\":\"2017-01-02T14:14:38+00:00\",\"dateModified\":\"2023-02-22T08:59:11+00:00\",\"description\":\"La maison d'h\u00f4tes \u2018La Maison de la Souque\u2019, \u00e0 Mirandol-Bourgnounac, dans le triangle touristique d\u2019Albi, Cordes et Villefranche de Rouergue.\",\"breadcrumb\":{\"@id\":\"https:\/\/www.lamaisondelasouque.fr\/index.php\/maison-de-charme\/#breadcrumb\"},\"inLanguage\":\"fr-FR\",\"potentialAction\":[{\"@type\":\"ReadAction\",\"target\":[\"https:\/\/www.lamaisondelasouque.fr\/index.php\/maison-de-charme\/\"]}]},{\"@type\":\"ImageObject\",\"inLanguage\":\"fr-FR\",\"@id\":\"https:\/\/www.lamaisondelasouque.fr\/index.php\/maison-de-charme\/#primaryimage\",\"url\":\"http:\/\/www.lamaisondelasouque.fr\/wp-content\/uploads\/2017\/03\/Marianne-Rosenberg-1-1-optimised.jpg\",\"contentUrl\":\"http:\/\/www.lamaisondelasouque.fr\/wp-content\/uploads\/2017\/03\/Marianne-Rosenberg-1-1-optimised.jpg\"},{\"@type\":\"BreadcrumbList\",\"@id\":\"https:\/\/www.lamaisondelasouque.fr\/index.php\/maison-de-charme\/#breadcrumb\",\"itemListElement\":[{\"@type\":\"ListItem\",\"position\":1,\"name\":\"Home\",\"item\":\"https:\/\/www.lamaisondelasouque.fr\/\"},{\"@type\":\"ListItem\",\"position\":2,\"name\":\"Maison\"}]},{\"@type\":\"WebSite\",\"@id\":\"https:\/\/www.lamaisondelasouque.fr\/#website\",\"url\":\"https:\/\/www.lamaisondelasouque.fr\/\",\"name\":\"La Maison de la Souque\",\"description\":\"Maison et table d&#039;h\u00f4tes\",\"publisher\":{\"@id\":\"https:\/\/www.lamaisondelasouque.fr\/#organization\"},\"alternateName\":\"Franse les in Frankrijk\",\"potentialAction\":[{\"@type\":\"SearchAction\",\"target\":{\"@type\":\"EntryPoint\",\"urlTemplate\":\"https:\/\/www.lamaisondelasouque.fr\/?s={search_term_string}\"},\"query-input\":{\"@type\":\"PropertyValueSpecification\",\"valueRequired\":true,\"valueName\":\"search_term_string\"}}],\"inLanguage\":\"fr-FR\"},{\"@type\":\"Organization\",\"@id\":\"https:\/\/www.lamaisondelasouque.fr\/#organization\",\"name\":\"La Maison de la Souque\",\"alternateName\":\"Marianne Rosenberg\",\"url\":\"https:\/\/www.lamaisondelasouque.fr\/\",\"logo\":{\"@type\":\"ImageObject\",\"inLanguage\":\"fr-FR\",\"@id\":\"https:\/\/www.lamaisondelasouque.fr\/#\/schema\/logo\/image\/\",\"url\":\"https:\/\/www.lamaisondelasouque.fr\/wp-content\/uploads\/2017\/10\/maison-drone-aout2017-1024x677.jpg\",\"contentUrl\":\"https:\/\/www.lamaisondelasouque.fr\/wp-content\/uploads\/2017\/10\/maison-drone-aout2017-1024x677.jpg\",\"width\":1024,\"height\":677,\"caption\":\"La Maison de la Souque\"},\"image\":{\"@id\":\"https:\/\/www.lamaisondelasouque.fr\/#\/schema\/logo\/image\/\"},\"sameAs\":[\"https:\/\/www.facebook.com\/lamaisondelasouque\",\"https:\/\/www.instagram.com\/marianne_rosenberg\"]}]}<\/script>\n<!-- \/ Yoast SEO Premium plugin. -->","yoast_head_json":{"title":"Maison - La Maison de la Souque","description":"La maison d'h\u00f4tes \u2018La Maison de la Souque\u2019, \u00e0 Mirandol-Bourgnounac, dans le triangle touristique d\u2019Albi, Cordes et Villefranche de Rouergue.","robots":{"index":"index","follow":"follow","max-snippet":"max-snippet:-1","max-image-preview":"max-image-preview:large","max-video-preview":"max-video-preview:-1"},"canonical":"https:\/\/www.lamaisondelasouque.fr\/index.php\/maison-de-charme\/","og_locale":"fr_FR","og_type":"article","og_title":"Maison","og_description":"La maison d'h\u00f4tes \u2018La Maison de la Souque\u2019, \u00e0 Mirandol-Bourgnounac, dans le triangle touristique d\u2019Albi, Cordes et Villefranche de Rouergue.","og_url":"https:\/\/www.lamaisondelasouque.fr\/index.php\/maison-de-charme\/","og_site_name":"La Maison de la Souque","article_publisher":"https:\/\/www.facebook.com\/lamaisondelasouque","article_modified_time":"2023-02-22T08:59:11+00:00","og_image":[{"url":"http:\/\/www.lamaisondelasouque.fr\/wp-content\/uploads\/2017\/03\/Marianne-Rosenberg-1-1-optimised.jpg","type":"","width":"","height":""}],"twitter_card":"summary_large_image","twitter_misc":{"Est. reading time":"2 minutes"},"schema":{"@context":"https:\/\/schema.org","@graph":[{"@type":"WebPage","@id":"https:\/\/www.lamaisondelasouque.fr\/index.php\/maison-de-charme\/","url":"https:\/\/www.lamaisondelasouque.fr\/index.php\/maison-de-charme\/","name":"Maison - La Maison de la Souque","isPartOf":{"@id":"https:\/\/www.lamaisondelasouque.fr\/#website"},"primaryImageOfPage":{"@id":"https:\/\/www.lamaisondelasouque.fr\/index.php\/maison-de-charme\/#primaryimage"},"image":{"@id":"https:\/\/www.lamaisondelasouque.fr\/index.php\/maison-de-charme\/#primaryimage"},"thumbnailUrl":"http:\/\/www.lamaisondelasouque.fr\/wp-content\/uploads\/2017\/03\/Marianne-Rosenberg-1-1-optimised.jpg","datePublished":"2017-01-02T14:14:38+00:00","dateModified":"2023-02-22T08:59:11+00:00","description":"La maison d'h\u00f4tes \u2018La Maison de la Souque\u2019, \u00e0 Mirandol-Bourgnounac, dans le triangle touristique d\u2019Albi, Cordes et Villefranche de Rouergue.","breadcrumb":{"@id":"https:\/\/www.lamaisondelasouque.fr\/index.php\/maison-de-charme\/#breadcrumb"},"inLanguage":"fr-FR","potentialAction":[{"@type":"ReadAction","target":["https:\/\/www.lamaisondelasouque.fr\/index.php\/maison-de-charme\/"]}]},{"@type":"ImageObject","inLanguage":"fr-FR","@id":"https:\/\/www.lamaisondelasouque.fr\/index.php\/maison-de-charme\/#primaryimage","url":"http:\/\/www.lamaisondelasouque.fr\/wp-content\/uploads\/2017\/03\/Marianne-Rosenberg-1-1-optimised.jpg","contentUrl":"http:\/\/www.lamaisondelasouque.fr\/wp-content\/uploads\/2017\/03\/Marianne-Rosenberg-1-1-optimised.jpg"},{"@type":"BreadcrumbList","@id":"https:\/\/www.lamaisondelasouque.fr\/index.php\/maison-de-charme\/#breadcrumb","itemListElement":[{"@type":"ListItem","position":1,"name":"Home","item":"https:\/\/www.lamaisondelasouque.fr\/"},{"@type":"ListItem","position":2,"name":"Maison"}]},{"@type":"WebSite","@id":"https:\/\/www.lamaisondelasouque.fr\/#website","url":"https:\/\/www.lamaisondelasouque.fr\/","name":"La Maison de la Souque","description":"Maison et table d&#039;h\u00f4tes","publisher":{"@id":"https:\/\/www.lamaisondelasouque.fr\/#organization"},"alternateName":"Franse les in Frankrijk","potentialAction":[{"@type":"SearchAction","target":{"@type":"EntryPoint","urlTemplate":"https:\/\/www.lamaisondelasouque.fr\/?s={search_term_string}"},"query-input":{"@type":"PropertyValueSpecification","valueRequired":true,"valueName":"search_term_string"}}],"inLanguage":"fr-FR"},{"@type":"Organization","@id":"https:\/\/www.lamaisondelasouque.fr\/#organization","name":"La Maison de la Souque","alternateName":"Marianne Rosenberg","url":"https:\/\/www.lamaisondelasouque.fr\/","logo":{"@type":"ImageObject","inLanguage":"fr-FR","@id":"https:\/\/www.lamaisondelasouque.fr\/#\/schema\/logo\/image\/","url":"https:\/\/www.lamaisondelasouque.fr\/wp-content\/uploads\/2017\/10\/maison-drone-aout2017-1024x677.jpg","contentUrl":"https:\/\/www.lamaisondelasouque.fr\/wp-content\/uploads\/2017\/10\/maison-drone-aout2017-1024x677.jpg","width":1024,"height":677,"caption":"La Maison de la Souque"},"image":{"@id":"https:\/\/www.lamaisondelasouque.fr\/#\/schema\/logo\/image\/"},"sameAs":["https:\/\/www.facebook.com\/lamaisondelasouque","https:\/\/www.instagram.com\/marianne_rosenberg"]}]}},"_links":{"self":[{"href":"https:\/\/www.lamaisondelasouque.fr\/index.php\/wp-json\/wp\/v2\/pages\/158","targetHints":{"allow":["GET"]}}],"collection":[{"href":"https:\/\/www.lamaisondelasouque.fr\/index.php\/wp-json\/wp\/v2\/pages"}],"about":[{"href":"https:\/\/www.lamaisondelasouque.fr\/index.php\/wp-json\/wp\/v2\/types\/page"}],"author":[{"embeddable":true,"href":"https:\/\/www.lamaisondelasouque.fr\/index.php\/wp-json\/wp\/v2\/users\/1"}],"replies":[{"embeddable":true,"href":"https:\/\/www.lamaisondelasouque.fr\/index.php\/wp-json\/wp\/v2\/comments?post=158"}],"version-history":[{"count":29,"href":"https:\/\/www.lamaisondelasouque.fr\/index.php\/wp-json\/wp\/v2\/pages\/158\/revisions"}],"predecessor-version":[{"id":2993,"href":"https:\/\/www.lamaisondelasouque.fr\/index.php\/wp-json\/wp\/v2\/pages\/158\/revisions\/2993"}],"wp:attachment":[{"href":"https:\/\/www.lamaisondelasouque.fr\/index.php\/wp-json\/wp\/v2\/media?parent=158"}],"curies":[{"name":"wp","href":"https:\/\/api.w.org\/{rel}","templated":true}]}}