{"id":1081,"date":"2017-03-07T14:45:56","date_gmt":"2017-03-07T13:45:56","guid":{"rendered":"http:\/\/www.lamaisondelasouque.fr\/?page_id=1081"},"modified":"2023-01-30T12:39:51","modified_gmt":"2023-01-30T11:39:51","slug":"culinair-circuit","status":"publish","type":"page","link":"https:\/\/www.lamaisondelasouque.fr\/index.php\/culinair-circuit\/","title":{"rendered":"Circuit culinaire"},"content":{"rendered":"<div id=\"pl-1081\"  class=\"panel-layout\" ><div id=\"pg-1081-0\"  class=\"panel-grid panel-has-style\" ><div style=\"padding: 10px 0; \" data-overlay=\"true\" data-overlay-color=\"#000000\" class=\"panel-row-style panel-row-style-for-1081-0\" ><div id=\"pgc-1081-0-0\"  class=\"panel-grid-cell\" ><div id=\"panel-1081-0-0-0\" class=\"so-panel widget widget_sow-editor panel-first-child panel-last-child\" data-index=\"0\" ><div style=\"text-align: left;\" data-title-color=\"#443f3f\" data-headings-color=\"#443f3f\" class=\"panel-widget-style panel-widget-style-for-1081-0-0-0\" ><div\n\t\t\t\n\t\t\tclass=\"so-widget-sow-editor so-widget-sow-editor-base\"\n\t\t\t\n\t\t>\n<div class=\"siteorigin-widget-tinymce textwidget\">\n\t<p>Marianne vous accueille, dans sa maison d'h\u00f4tes pour vous initier \u00e0 la cuisine et au terroir tarnais ou aveyronnais. Puis, Elle vous emm\u00e8nera en circuit des producteurs et vous allez d\u00e9couvrir des produits locaux. Fromagers, mara\u00eechers, \u00e9leveurs, producteurs de viande, vins, miel, pois chiches\u2026 Des producteurs que vous rencontrerez au march\u00e9 ou sur leur exploitation pendant ce circuit culinaire.<\/p>\n<p>\u00c0 vous de choisir selon vos envies ou laissez-vous guider par votre h\u00f4te. Et aussi Marianne, passionn\u00e9e de cuisine et ancienne cuisini\u00e8re de profession, vous transmettra ses secrets et tours de main pendant un atelier culinaire. Apr\u00e8s avoir cuisin\u00e9 un menu complet tous ensemble, vous partagerez la table en d\u00e9gustant vos plats accompagn\u00e9s d 'un bon vin de Gaillac.<\/p>\n<\/div>\n<\/div><\/div><\/div><\/div><div id=\"pgc-1081-0-1\"  class=\"panel-grid-cell\" ><div id=\"panel-1081-0-1-0\" class=\"so-panel widget widget_sow-image panel-first-child panel-last-child\" data-index=\"1\" ><div style=\"text-align: left;\" data-title-color=\"#443f3f\" data-headings-color=\"#443f3f\" class=\"panel-widget-style panel-widget-style-for-1081-0-1-0\" ><div\n\t\t\t\n\t\t\tclass=\"so-widget-sow-image so-widget-sow-image-default-8b5b6f678277-1081\"\n\t\t\t\n\t\t>\n<div class=\"sow-image-container\">\n\t\t<img fetchpriority=\"high\" \n\tsrc=\"https:\/\/www.lamaisondelasouque.fr\/wp-content\/uploads\/2017\/03\/IMG_1573_16-optimised.jpg\" width=\"600\" height=\"400\" srcset=\"https:\/\/www.lamaisondelasouque.fr\/wp-content\/uploads\/2017\/03\/IMG_1573_16-optimised.jpg 600w, https:\/\/www.lamaisondelasouque.fr\/wp-content\/uploads\/2017\/03\/IMG_1573_16-optimised-300x200.jpg 300w, https:\/\/www.lamaisondelasouque.fr\/wp-content\/uploads\/2017\/03\/IMG_1573_16-optimised-230x153.jpg 230w, https:\/\/www.lamaisondelasouque.fr\/wp-content\/uploads\/2017\/03\/IMG_1573_16-optimised-350x233.jpg 350w, https:\/\/www.lamaisondelasouque.fr\/wp-content\/uploads\/2017\/03\/IMG_1573_16-optimised-480x320.jpg 480w, https:\/\/www.lamaisondelasouque.fr\/wp-content\/uploads\/2017\/03\/IMG_1573_16-optimised-272x182.jpg 272w\" sizes=\"(max-width: 600px) 100vw, 600px\" title=\"cours de cuisine\" alt=\"Circuit des producteurs\" \t\tclass=\"so-widget-image\"\/>\n\t<\/div>\n\n<\/div><\/div><\/div><\/div><\/div><\/div><div id=\"pg-1081-1\"  class=\"panel-grid panel-has-style\" ><div style=\"padding: 10px 0; \" data-overlay=\"true\" data-overlay-color=\"#000000\" class=\"panel-row-style panel-row-style-for-1081-1\" ><div id=\"pgc-1081-1-0\"  class=\"panel-grid-cell\" ><div id=\"panel-1081-1-0-0\" class=\"so-panel widget widget_sow-editor panel-first-child panel-last-child\" data-index=\"2\" ><div style=\"text-align: left;\" data-title-color=\"#443f3f\" data-headings-color=\"#443f3f\" class=\"panel-widget-style panel-widget-style-for-1081-1-0-0\" ><div\n\t\t\t\n\t\t\tclass=\"so-widget-sow-editor so-widget-sow-editor-base\"\n\t\t\t\n\t\t>\n<div class=\"siteorigin-widget-tinymce textwidget\">\n\t<p>Ce circuit culinaire avec le cours de cuisine inclus va \u00eatre pr\u00e9par\u00e9 sur mesure.\u00a0 Donc nous vous proposons un programme \u00e0 vos go\u00fbts et selon la saison.<\/p>\n<h6>un exemple<\/h6>\n<p>Un exemple d'un circuit culinaire pourrait \u00eatre que vous arrivez \u00e0 La Maison de la Souque vendredi soir. La cheffe Marianne vous pr\u00e9pare un d\u00eener avec des produits de la r\u00e9gion. Le matin, nous partons t\u00f4t au march\u00e9 pour faire nos courses et surtout pour entrer en contact avec les producteurs. Certes, nous regardons ce qu'il y a en saison, ce qui nous donne envie \u00e0 cuisiner. En somme, nous laissons nous inspirer par les produits. Apr\u00e8s un caf\u00e9, nous rentrons \u00e0 la maison, et on se met en mode cuisine.\u00a0 Nous discutons ce que nous allons pr\u00e9parer. Bien s\u00fbr, on cueille encore quelques herbes et fleurs dans le jardin, avant de commencer. Apr\u00e8s un bon moment convivial en cuisine, on passe \u00e0 table.<\/p>\n<p>Pour des tarifs, regardez <a href=\"http:\/\/www.lamaisondelasouque.fr\/index.php\/tarif\/\">ici<\/a>\u00a0ou vous pouvez <a href=\"http:\/\/www.lamaisondelasouque.fr\/index.php\/acces\/\">contacter<\/a> Marianne pour plus de renseignements et pour former un programme tr\u00e8s personnalis\u00e9.<\/p>\n<p>Enfin, je vous invite de regarder sur le site\u00a0 <a href=\"http:\/\/www.tourisme-tarn.com\/agenda-tarnais\/les-marches\/\">des march\u00e9s dans le Tarn<\/a> ou dans l'Aveyron.<\/p>\n<\/div>\n<\/div><\/div><\/div><\/div><\/div><\/div><div id=\"pg-1081-2\"  class=\"panel-grid panel-has-style\" ><div style=\"padding: 10px 0; \" data-overlay=\"true\" data-overlay-color=\"#000000\" class=\"panel-row-style panel-row-style-for-1081-2\" ><div id=\"pgc-1081-2-0\"  class=\"panel-grid-cell\" ><div id=\"panel-1081-2-0-0\" class=\"so-panel widget widget_sow-image panel-first-child panel-last-child\" data-index=\"3\" ><div style=\"text-align: left;\" data-title-color=\"#443f3f\" data-headings-color=\"#443f3f\" class=\"panel-widget-style panel-widget-style-for-1081-2-0-0\" ><div\n\t\t\t\n\t\t\tclass=\"so-widget-sow-image so-widget-sow-image-default-8b5b6f678277-1081\"\n\t\t\t\n\t\t>\n<div class=\"sow-image-container\">\n\t\t<img \n\tsrc=\"https:\/\/www.lamaisondelasouque.fr\/wp-content\/uploads\/2017\/03\/cuisine-avec-la-porte-verte-optimised-1.jpg\" width=\"1920\" height=\"1280\" srcset=\"https:\/\/www.lamaisondelasouque.fr\/wp-content\/uploads\/2017\/03\/cuisine-avec-la-porte-verte-optimised-1.jpg 1920w, https:\/\/www.lamaisondelasouque.fr\/wp-content\/uploads\/2017\/03\/cuisine-avec-la-porte-verte-optimised-1-300x200.jpg 300w, https:\/\/www.lamaisondelasouque.fr\/wp-content\/uploads\/2017\/03\/cuisine-avec-la-porte-verte-optimised-1-768x512.jpg 768w, https:\/\/www.lamaisondelasouque.fr\/wp-content\/uploads\/2017\/03\/cuisine-avec-la-porte-verte-optimised-1-1024x683.jpg 1024w, https:\/\/www.lamaisondelasouque.fr\/wp-content\/uploads\/2017\/03\/cuisine-avec-la-porte-verte-optimised-1-830x553.jpg 830w, https:\/\/www.lamaisondelasouque.fr\/wp-content\/uploads\/2017\/03\/cuisine-avec-la-porte-verte-optimised-1-230x153.jpg 230w, https:\/\/www.lamaisondelasouque.fr\/wp-content\/uploads\/2017\/03\/cuisine-avec-la-porte-verte-optimised-1-350x233.jpg 350w, https:\/\/www.lamaisondelasouque.fr\/wp-content\/uploads\/2017\/03\/cuisine-avec-la-porte-verte-optimised-1-480x320.jpg 480w, https:\/\/www.lamaisondelasouque.fr\/wp-content\/uploads\/2017\/03\/cuisine-avec-la-porte-verte-optimised-1-272x182.jpg 272w\" sizes=\"(max-width: 1920px) 100vw, 1920px\" title=\"cours de cuisine\" alt=\"Circuit des producteurs\" \t\tclass=\"so-widget-image\"\/>\n\t<\/div>\n\n<\/div><\/div><\/div><\/div><div id=\"pgc-1081-2-1\"  class=\"panel-grid-cell\" ><div id=\"panel-1081-2-1-0\" class=\"so-panel widget widget_sow-image panel-first-child panel-last-child\" data-index=\"4\" ><div style=\"text-align: left;\" data-title-color=\"#443f3f\" data-headings-color=\"#443f3f\" class=\"panel-widget-style panel-widget-style-for-1081-2-1-0\" ><div\n\t\t\t\n\t\t\tclass=\"so-widget-sow-image so-widget-sow-image-default-8b5b6f678277-1081\"\n\t\t\t\n\t\t>\n<div class=\"sow-image-container\">\n\t\t<img \n\tsrc=\"https:\/\/www.lamaisondelasouque.fr\/wp-content\/uploads\/2017\/01\/cailles.jpg\" width=\"3456\" height=\"2304\" srcset=\"https:\/\/www.lamaisondelasouque.fr\/wp-content\/uploads\/2017\/01\/cailles.jpg 3456w, https:\/\/www.lamaisondelasouque.fr\/wp-content\/uploads\/2017\/01\/cailles-300x200.jpg 300w, https:\/\/www.lamaisondelasouque.fr\/wp-content\/uploads\/2017\/01\/cailles-768x512.jpg 768w, https:\/\/www.lamaisondelasouque.fr\/wp-content\/uploads\/2017\/01\/cailles-1024x683.jpg 1024w, https:\/\/www.lamaisondelasouque.fr\/wp-content\/uploads\/2017\/01\/cailles-830x553.jpg 830w, https:\/\/www.lamaisondelasouque.fr\/wp-content\/uploads\/2017\/01\/cailles-230x153.jpg 230w, https:\/\/www.lamaisondelasouque.fr\/wp-content\/uploads\/2017\/01\/cailles-350x233.jpg 350w, https:\/\/www.lamaisondelasouque.fr\/wp-content\/uploads\/2017\/01\/cailles-480x320.jpg 480w, https:\/\/www.lamaisondelasouque.fr\/wp-content\/uploads\/2017\/01\/cailles-272x182.jpg 272w\" sizes=\"(max-width: 3456px) 100vw, 3456px\" title=\"cailles La Maison de la Souque\" alt=\"circuit des producteurs\" \t\tclass=\"so-widget-image\"\/>\n\t<\/div>\n\n<\/div><\/div><\/div><\/div><div id=\"pgc-1081-2-2\"  class=\"panel-grid-cell\" ><div id=\"panel-1081-2-2-0\" class=\"so-panel widget widget_sow-image panel-first-child panel-last-child\" data-index=\"5\" ><div style=\"text-align: left;\" data-title-color=\"#443f3f\" data-headings-color=\"#443f3f\" class=\"panel-widget-style panel-widget-style-for-1081-2-2-0\" ><div\n\t\t\t\n\t\t\tclass=\"so-widget-sow-image so-widget-sow-image-default-8b5b6f678277-1081\"\n\t\t\t\n\t\t>\n<div class=\"sow-image-container\">\n\t\t<img loading=\"lazy\" \n\tsrc=\"https:\/\/www.lamaisondelasouque.fr\/wp-content\/uploads\/2017\/03\/IMG_3990.jpg\" width=\"3264\" height=\"2448\" srcset=\"https:\/\/www.lamaisondelasouque.fr\/wp-content\/uploads\/2017\/03\/IMG_3990.jpg 3264w, https:\/\/www.lamaisondelasouque.fr\/wp-content\/uploads\/2017\/03\/IMG_3990-300x225.jpg 300w, https:\/\/www.lamaisondelasouque.fr\/wp-content\/uploads\/2017\/03\/IMG_3990-768x576.jpg 768w, https:\/\/www.lamaisondelasouque.fr\/wp-content\/uploads\/2017\/03\/IMG_3990-1024x768.jpg 1024w, https:\/\/www.lamaisondelasouque.fr\/wp-content\/uploads\/2017\/03\/IMG_3990-830x623.jpg 830w, https:\/\/www.lamaisondelasouque.fr\/wp-content\/uploads\/2017\/03\/IMG_3990-230x173.jpg 230w, https:\/\/www.lamaisondelasouque.fr\/wp-content\/uploads\/2017\/03\/IMG_3990-350x263.jpg 350w, https:\/\/www.lamaisondelasouque.fr\/wp-content\/uploads\/2017\/03\/IMG_3990-480x360.jpg 480w\" sizes=\"(max-width: 3264px) 100vw, 3264px\" title=\"peches La Maison de la Souque\" alt=\"sejour gourmand cuisine producteurs\" \t\tclass=\"so-widget-image\"\/>\n\t<\/div>\n\n<\/div><\/div><\/div><\/div><\/div><\/div><\/div>","protected":false},"excerpt":{"rendered":"<p>Marianne vous accueille, dans sa maison d&#8217;h\u00f4tes pour vous initier \u00e0 la cuisine et au terroir tarnais ou aveyronnais. Puis, Elle vous emm\u00e8nera en circuit des producteurs et vous allez d\u00e9couvrir des produits locaux. Fromagers, mara\u00eechers, \u00e9leveurs, producteurs de viande, vins, miel, pois chiches\u2026 Des producteurs que vous rencontrerez au march\u00e9 ou sur leur exploitation [&hellip;]<\/p>\n","protected":false},"author":1,"featured_media":0,"parent":0,"menu_order":0,"comment_status":"closed","ping_status":"closed","template":"","meta":{"_lmt_disableupdate":"no","_lmt_disable":"","_monsterinsights_skip_tracking":false,"_monsterinsights_sitenote_active":false,"_monsterinsights_sitenote_note":"","_monsterinsights_sitenote_category":0,"_uf_show_specific_survey":0,"_uf_disable_surveys":false,"footnotes":""},"class_list":["post-1081","page","type-page","status-publish","hentry"],"yoast_head":"<!-- This site is optimized with the Yoast SEO Premium plugin v27.2 (Yoast SEO v27.2) - https:\/\/yoast.com\/product\/yoast-seo-premium-wordpress\/ -->\n<title>Circuit culinaire - La Maison de la Souque<\/title>\n<meta name=\"description\" content=\"Circuit des producteurs: s\u00e9jour gourmand cuisine producteurs: vous allez voir des producteurs et des march\u00e9s pour vous initier \u00e0 la cuisine et\" \/>\n<meta name=\"robots\" content=\"index, follow, max-snippet:-1, max-image-preview:large, max-video-preview:-1\" \/>\n<link rel=\"canonical\" href=\"https:\/\/www.lamaisondelasouque.fr\/index.php\/culinair-circuit\/\" \/>\n<meta property=\"og:locale\" content=\"fr_FR\" \/>\n<meta property=\"og:type\" content=\"article\" \/>\n<meta property=\"og:title\" content=\"Circuit culinaire\" \/>\n<meta property=\"og:description\" content=\"Circuit des producteurs: s\u00e9jour gourmand cuisine producteurs: vous allez voir des producteurs et des march\u00e9s pour vous initier \u00e0 la cuisine et\" \/>\n<meta property=\"og:url\" content=\"https:\/\/www.lamaisondelasouque.fr\/index.php\/culinair-circuit\/\" \/>\n<meta property=\"og:site_name\" content=\"La Maison de la Souque\" \/>\n<meta property=\"article:publisher\" content=\"https:\/\/www.facebook.com\/lamaisondelasouque\" \/>\n<meta property=\"article:modified_time\" content=\"2023-01-30T11:39:51+00:00\" \/>\n<meta name=\"twitter:card\" content=\"summary_large_image\" \/>\n<meta name=\"twitter:label1\" content=\"Est. reading time\" \/>\n\t<meta name=\"twitter:data1\" content=\"2 minutes\" \/>\n<script type=\"application\/ld+json\" class=\"yoast-schema-graph\">{\"@context\":\"https:\/\/schema.org\",\"@graph\":[{\"@type\":\"WebPage\",\"@id\":\"https:\/\/www.lamaisondelasouque.fr\/index.php\/culinair-circuit\/\",\"url\":\"https:\/\/www.lamaisondelasouque.fr\/index.php\/culinair-circuit\/\",\"name\":\"Circuit culinaire - La Maison de la Souque\",\"isPartOf\":{\"@id\":\"https:\/\/www.lamaisondelasouque.fr\/#website\"},\"datePublished\":\"2017-03-07T13:45:56+00:00\",\"dateModified\":\"2023-01-30T11:39:51+00:00\",\"description\":\"Circuit des producteurs: s\u00e9jour gourmand cuisine producteurs: vous allez voir des producteurs et des march\u00e9s pour vous initier \u00e0 la cuisine et\",\"breadcrumb\":{\"@id\":\"https:\/\/www.lamaisondelasouque.fr\/index.php\/culinair-circuit\/#breadcrumb\"},\"inLanguage\":\"fr-FR\",\"potentialAction\":[{\"@type\":\"ReadAction\",\"target\":[\"https:\/\/www.lamaisondelasouque.fr\/index.php\/culinair-circuit\/\"]}]},{\"@type\":\"BreadcrumbList\",\"@id\":\"https:\/\/www.lamaisondelasouque.fr\/index.php\/culinair-circuit\/#breadcrumb\",\"itemListElement\":[{\"@type\":\"ListItem\",\"position\":1,\"name\":\"Home\",\"item\":\"https:\/\/www.lamaisondelasouque.fr\/\"},{\"@type\":\"ListItem\",\"position\":2,\"name\":\"Circuit culinaire\"}]},{\"@type\":\"WebSite\",\"@id\":\"https:\/\/www.lamaisondelasouque.fr\/#website\",\"url\":\"https:\/\/www.lamaisondelasouque.fr\/\",\"name\":\"La Maison de la Souque\",\"description\":\"Maison et table d&#039;h\u00f4tes\",\"publisher\":{\"@id\":\"https:\/\/www.lamaisondelasouque.fr\/#organization\"},\"alternateName\":\"Franse les in Frankrijk\",\"potentialAction\":[{\"@type\":\"SearchAction\",\"target\":{\"@type\":\"EntryPoint\",\"urlTemplate\":\"https:\/\/www.lamaisondelasouque.fr\/?s={search_term_string}\"},\"query-input\":{\"@type\":\"PropertyValueSpecification\",\"valueRequired\":true,\"valueName\":\"search_term_string\"}}],\"inLanguage\":\"fr-FR\"},{\"@type\":\"Organization\",\"@id\":\"https:\/\/www.lamaisondelasouque.fr\/#organization\",\"name\":\"La Maison de la Souque\",\"alternateName\":\"Marianne Rosenberg\",\"url\":\"https:\/\/www.lamaisondelasouque.fr\/\",\"logo\":{\"@type\":\"ImageObject\",\"inLanguage\":\"fr-FR\",\"@id\":\"https:\/\/www.lamaisondelasouque.fr\/#\/schema\/logo\/image\/\",\"url\":\"https:\/\/www.lamaisondelasouque.fr\/wp-content\/uploads\/2017\/10\/maison-drone-aout2017-1024x677.jpg\",\"contentUrl\":\"https:\/\/www.lamaisondelasouque.fr\/wp-content\/uploads\/2017\/10\/maison-drone-aout2017-1024x677.jpg\",\"width\":1024,\"height\":677,\"caption\":\"La Maison de la Souque\"},\"image\":{\"@id\":\"https:\/\/www.lamaisondelasouque.fr\/#\/schema\/logo\/image\/\"},\"sameAs\":[\"https:\/\/www.facebook.com\/lamaisondelasouque\",\"https:\/\/www.instagram.com\/marianne_rosenberg\"]}]}<\/script>\n<!-- \/ Yoast SEO Premium plugin. -->","yoast_head_json":{"title":"Circuit culinaire - La Maison de la Souque","description":"Circuit des producteurs: s\u00e9jour gourmand cuisine producteurs: vous allez voir des producteurs et des march\u00e9s pour vous initier \u00e0 la cuisine et","robots":{"index":"index","follow":"follow","max-snippet":"max-snippet:-1","max-image-preview":"max-image-preview:large","max-video-preview":"max-video-preview:-1"},"canonical":"https:\/\/www.lamaisondelasouque.fr\/index.php\/culinair-circuit\/","og_locale":"fr_FR","og_type":"article","og_title":"Circuit culinaire","og_description":"Circuit des producteurs: s\u00e9jour gourmand cuisine producteurs: vous allez voir des producteurs et des march\u00e9s pour vous initier \u00e0 la cuisine et","og_url":"https:\/\/www.lamaisondelasouque.fr\/index.php\/culinair-circuit\/","og_site_name":"La Maison de la Souque","article_publisher":"https:\/\/www.facebook.com\/lamaisondelasouque","article_modified_time":"2023-01-30T11:39:51+00:00","twitter_card":"summary_large_image","twitter_misc":{"Est. reading time":"2 minutes"},"schema":{"@context":"https:\/\/schema.org","@graph":[{"@type":"WebPage","@id":"https:\/\/www.lamaisondelasouque.fr\/index.php\/culinair-circuit\/","url":"https:\/\/www.lamaisondelasouque.fr\/index.php\/culinair-circuit\/","name":"Circuit culinaire - La Maison de la Souque","isPartOf":{"@id":"https:\/\/www.lamaisondelasouque.fr\/#website"},"datePublished":"2017-03-07T13:45:56+00:00","dateModified":"2023-01-30T11:39:51+00:00","description":"Circuit des producteurs: s\u00e9jour gourmand cuisine producteurs: vous allez voir des producteurs et des march\u00e9s pour vous initier \u00e0 la cuisine et","breadcrumb":{"@id":"https:\/\/www.lamaisondelasouque.fr\/index.php\/culinair-circuit\/#breadcrumb"},"inLanguage":"fr-FR","potentialAction":[{"@type":"ReadAction","target":["https:\/\/www.lamaisondelasouque.fr\/index.php\/culinair-circuit\/"]}]},{"@type":"BreadcrumbList","@id":"https:\/\/www.lamaisondelasouque.fr\/index.php\/culinair-circuit\/#breadcrumb","itemListElement":[{"@type":"ListItem","position":1,"name":"Home","item":"https:\/\/www.lamaisondelasouque.fr\/"},{"@type":"ListItem","position":2,"name":"Circuit culinaire"}]},{"@type":"WebSite","@id":"https:\/\/www.lamaisondelasouque.fr\/#website","url":"https:\/\/www.lamaisondelasouque.fr\/","name":"La Maison de la Souque","description":"Maison et table d&#039;h\u00f4tes","publisher":{"@id":"https:\/\/www.lamaisondelasouque.fr\/#organization"},"alternateName":"Franse les in Frankrijk","potentialAction":[{"@type":"SearchAction","target":{"@type":"EntryPoint","urlTemplate":"https:\/\/www.lamaisondelasouque.fr\/?s={search_term_string}"},"query-input":{"@type":"PropertyValueSpecification","valueRequired":true,"valueName":"search_term_string"}}],"inLanguage":"fr-FR"},{"@type":"Organization","@id":"https:\/\/www.lamaisondelasouque.fr\/#organization","name":"La Maison de la Souque","alternateName":"Marianne Rosenberg","url":"https:\/\/www.lamaisondelasouque.fr\/","logo":{"@type":"ImageObject","inLanguage":"fr-FR","@id":"https:\/\/www.lamaisondelasouque.fr\/#\/schema\/logo\/image\/","url":"https:\/\/www.lamaisondelasouque.fr\/wp-content\/uploads\/2017\/10\/maison-drone-aout2017-1024x677.jpg","contentUrl":"https:\/\/www.lamaisondelasouque.fr\/wp-content\/uploads\/2017\/10\/maison-drone-aout2017-1024x677.jpg","width":1024,"height":677,"caption":"La Maison de la Souque"},"image":{"@id":"https:\/\/www.lamaisondelasouque.fr\/#\/schema\/logo\/image\/"},"sameAs":["https:\/\/www.facebook.com\/lamaisondelasouque","https:\/\/www.instagram.com\/marianne_rosenberg"]}]}},"_links":{"self":[{"href":"https:\/\/www.lamaisondelasouque.fr\/index.php\/wp-json\/wp\/v2\/pages\/1081","targetHints":{"allow":["GET"]}}],"collection":[{"href":"https:\/\/www.lamaisondelasouque.fr\/index.php\/wp-json\/wp\/v2\/pages"}],"about":[{"href":"https:\/\/www.lamaisondelasouque.fr\/index.php\/wp-json\/wp\/v2\/types\/page"}],"author":[{"embeddable":true,"href":"https:\/\/www.lamaisondelasouque.fr\/index.php\/wp-json\/wp\/v2\/users\/1"}],"replies":[{"embeddable":true,"href":"https:\/\/www.lamaisondelasouque.fr\/index.php\/wp-json\/wp\/v2\/comments?post=1081"}],"version-history":[{"count":31,"href":"https:\/\/www.lamaisondelasouque.fr\/index.php\/wp-json\/wp\/v2\/pages\/1081\/revisions"}],"predecessor-version":[{"id":2912,"href":"https:\/\/www.lamaisondelasouque.fr\/index.php\/wp-json\/wp\/v2\/pages\/1081\/revisions\/2912"}],"wp:attachment":[{"href":"https:\/\/www.lamaisondelasouque.fr\/index.php\/wp-json\/wp\/v2\/media?parent=1081"}],"curies":[{"name":"wp","href":"https:\/\/api.w.org\/{rel}","templated":true}]}}